{"id":5422,"date":"2020-07-23T20:55:57","date_gmt":"2020-07-23T18:55:57","guid":{"rendered":"https:\/\/murrado.pl\/?post_type=product&#038;p=5422"},"modified":"2025-04-25T16:10:52","modified_gmt":"2025-04-25T14:10:52","slug":"regulator-salus-091flrfv2-sterownik-bezpprzewodowy","status":"publish","type":"product","link":"https:\/\/murrado.pl\/index.php\/produkt\/regulator-salus-091flrfv2-sterownik-bezpprzewodowy\/","title":{"rendered":"REGULATOR SALUS 091Flrfv2 STEROWNIK BEZPPRZEWODOWY"},"content":{"rendered":"<h1>SALUS 091FLRFv2<\/h1>\n<p><b>bezprzewodowy elektroniczny regulator temperatury &#8211; tygodniowy<\/b><\/p>\n<p><b>Dane techniczne:<\/b><\/p>\n<ul>\n<li><b>Wymiary nadajnika (mm):<\/b>\u00a0 \u00a0154 x 80 x 30<\/li>\n<li><b>Wymiary odbiornika (mm):<\/b>\u00a0 96 x 96 x 27<\/li>\n<li><b>Zakres regulacji temp:<\/b>\u00a0 5 &#8211; 30\u00baC<\/li>\n<li><b>Histereza:<\/b>\u00a0\u00b10.25\u00baC lub\u00a0\u00b10.5\u00baC<\/li>\n<li><b>Dok\u0142adno\u015b\u0107 wskazania temp:\u00a0<\/b>\u00a00.2\u00baC<\/li>\n<li><b>Sygna\u0142 RF:<\/b>\u00a0868 MHz<\/li>\n<li><b>Zasilanie nadajnika:<\/b>\u00a02 x AA baterie alkaliczne<\/li>\n<li><b>Zasilanie odbiornika:<\/b>\u00a0230V AC 50 Hz<\/li>\n<li><b>Max obci\u0105\u017cenie:<\/b>\u00a016 (5) A<\/li>\n<\/ul>\n<p><b>Jest nowsz\u0105 wersj\u0105 regulatora 091FLRF.<\/b><\/p>\n<p>W stosunku do poprzedniej wersji regulatora:<\/p>\n<ul>\n<li>d\u0142u\u017cszy czas pod\u015bwietlenia i powrotu do ekranu g\u0142\u00f3wnego-10s<\/li>\n<li>dodano oznaczenia + oraz \u2212 na g\u0142\u00f3wnym panelu<\/li>\n<li>dodano nowe funkcje w menu serwisowym<\/li>\n<li>zmiana kodu komunikacyjnego bez demonta\u017cu urz\u0105dze\u0144<\/li>\n<li>nowy odbiornik radiowy z wi\u0119ksz\u0105 ilo\u015bci\u0105 kod\u00f3w komunikacyjnych<\/li>\n<li>odbiornik i nadajnik sparowane fabrycznie<\/li>\n<\/ul>\n<p><b>Podstawowe w\u0142a\u015bciwo\u015bci:<\/b><\/p>\n<p>Praca na cz\u0119stotliwo\u015bci 868 MHz, gwarantuje bardzo stabilny i odporny na zak\u0142\u00f3cenia sygna\u0142<\/p>\n<p>Zintegrowana i praktyczna podstawka regulatora o dw\u00f3ch k\u0105tach nachylenia zapewnia wygod\u0119 i funkcjonalno\u015b\u0107<\/p>\n<p>Zawiera 9 program\u00f3w (6 domy\u015blnych, 3 indywidualne)<\/p>\n<p>3 poziomy temperatur &#8211; dzienna, nocna, przeciwzamro\u017ceniowa<\/p>\n","protected":false},"excerpt":{"rendered":"<ul>\n<li><b>Wymiary nadajnika (mm):<\/b>\u00a0 \u00a0154 x 80 x 30<\/li>\n<li><b>Wymiary odbiornika (mm):<\/b>\u00a0 96 x 96 x 27<\/li>\n<\/ul>\n","protected":false},"featured_media":6140,"comment_status":"open","ping_status":"closed","template":"","meta":{"om_disable_all_campaigns":false,"_monsterinsights_skip_tracking":false,"_monsterinsights_sitenote_active":false,"_monsterinsights_sitenote_note":"","_monsterinsights_sitenote_category":0},"aioseo_notices":[],"_links":{"self":[{"href":"https:\/\/murrado.pl\/index.php\/wp-json\/wp\/v2\/product\/5422"}],"collection":[{"href":"https:\/\/murrado.pl\/index.php\/wp-json\/wp\/v2\/product"}],"about":[{"href":"https:\/\/murrado.pl\/index.php\/wp-json\/wp\/v2\/types\/product"}],"replies":[{"embeddable":true,"href":"https:\/\/murrado.pl\/index.php\/wp-json\/wp\/v2\/comments?post=5422"}],"wp:featuredmedia":[{"embeddable":true,"href":"https:\/\/murrado.pl\/index.php\/wp-json\/wp\/v2\/media\/6140"}],"wp:attachment":[{"href":"https:\/\/murrado.pl\/index.php\/wp-json\/wp\/v2\/media?parent=5422"}],"curies":[{"name":"wp","href":"https:\/\/api.w.org\/{rel}","templated":true}]}}