{"id":5485,"date":"2020-08-15T16:27:09","date_gmt":"2020-08-15T14:27:09","guid":{"rendered":"https:\/\/murrado.pl\/?post_type=product&#038;p=5485"},"modified":"2025-11-14T12:41:08","modified_gmt":"2025-11-14T11:41:08","slug":"kociol-piec-na-ekogroszek-pereko-ksm-22-kw-ecodesign-5","status":"publish","type":"product","link":"https:\/\/murrado.pl\/index.php\/produkt\/kociol-piec-na-ekogroszek-pereko-ksm-22-kw-ecodesign-5\/","title":{"rendered":"Kocio\u0142 Piec na ekogroszek PEREKO KSM 22 kW ECODESIGN 5"},"content":{"rendered":"<h3><strong>5. klasa emisji na ekogroszku<\/strong><\/h3>\n<p><strong>Kocio\u0142 KSM<\/strong> jest nowoczesnym kot\u0142em centralnego ogrzewania z podajnikiem retortowym PSR , w kt\u00f3rym jako paliwo podstawowe stosuje si\u0119 ekogroszek uzyskiwany z w\u0119gla kamiennego. Konstrukcja wymiennika posiada pionowy uk\u0142ad kana\u0142\u00f3w spalinowych , co wp\u0142ywa na wysok\u0105 sprawno\u015b\u0107 urz\u0105dzenia si\u0119gaj\u0105c\u0105 91%. KSM spe\u0142nia wymagania energetyczno-emisyjne klasy 5. wed\u0142ug normy 303-5:2012. Oznacza to, \u017ce kocio\u0142 KSM jest urz\u0105dzeniem, kt\u00f3re wyr\u00f3\u017cnia si\u0119 niskim poziomem emisji zanieczyszcze\u0144 do atmosfery i dlatego na jego zakup przyznawane s\u0105 dotacje pa\u0144stwowe si\u0119gaj\u0105ce nawet 50%.<\/p>\n<h3><strong>Podw\u00f3jne bezpiecze\u0144stwo pracy kot\u0142a<\/strong><\/h3>\n<p>KSM wyposa\u017cony jest w dwa niezale\u017cne systemy (elektroniczny i mechaniczny), chroni\u0105ce kocio\u0142 przed przegrzaniem oraz zamarzni\u0119ciem instalacji. Pierwszy z nich to czujniki elektroniczne, kt\u00f3re odpowiadaj\u0105 za utrzymywanie odpowiedniej temperatury \u015blimaka oraz wody w kotle i w bojlerze. W razie jej przekroczenia nast\u0119puje wstrzymanie pracy podajnika i wentylatora oraz w\u0142\u0105czenie sygna\u0142u alarmowego. W przypadku, gdyby rura podajnika osi\u0105gn\u0119\u0142a zbyt wysok\u0105 temperatur\u0119, uruchomi si\u0119 system gaszenia p\u0142omienia. Czujniki elektroniczne chroni\u0105 r\u00f3wnie\u017c przed zamarzni\u0119ciem wody w instalacji. Przy temperaturze otoczenia mniejszej ni\u017c 5\u00b0C reakcja czujnik\u00f3w rozpoczyna proces w\u0142\u0105czenia wszystkich pomp, dzi\u0119ki kt\u00f3rym mo\u017cliwa jest cyrkulacja wody w instalacji. Dodatkowym zabezpieczeniem jest czujnik mechaniczny STB. W razie przekroczenia bezpiecznej temperatury wody dla kot\u0142a, czujnik STB wy\u0142\u0105czy nadmuch i wstrzyma prac\u0119 podajnika paliwa oraz uruchomi sygnalizacj\u0119 d\u017awi\u0119kow\u0105.<\/p>\n<h3><strong>Inteligentne sterowanie<\/strong><\/h3>\n<p>W kotle KSM zastosowano zaawansowany system sterowania prac\u0105 urz\u0105dzenia. Sterownik ecoMAX 910 odpowiada za utrzymywanie zadanej temperatury przez kontrolowanie procesu spalania paliwa (cz\u0119stotliwo\u015b\u0107 i dozowane porcje) oraz regulowanie si\u0142y nadmuchu wentylatora. Jego dodatkow\u0105 zalet\u0105 jest sterowanie prac\u0105 dw\u00f3ch niezale\u017cnych obieg\u00f3w mieszaj\u0105cych. Funkcja ta pozwala na ustawienie odmiennych zakres\u00f3w temperatur w kilku systemach grzewczych, np. systemie ogrzewania pod\u0142ogowego i grzejnikach pokojowych . Funkcjonalno\u015b\u0107 sterownika mo\u017cna rozszerzy\u0107 o modu\u0142y opcjonalne: modu\u0142 internetowy ecoNET 300 i panel pokojowy ecoSTER TOUCH, kt\u00f3re pozwalaj\u0105 na zdaln\u0105 obs\u0142ug\u0119.<\/p>\n","protected":false},"excerpt":{"rendered":"<ul>\n<li><strong>Darmowa wysy\u0142ka na terenie Polski<\/strong><\/li>\n<li><strong>10 lat gwarancji<\/strong><\/li>\n<\/ul>\n","protected":false},"featured_media":5954,"comment_status":"open","ping_status":"closed","template":"","meta":{"om_disable_all_campaigns":false,"_monsterinsights_skip_tracking":false,"_monsterinsights_sitenote_active":false,"_monsterinsights_sitenote_note":"","_monsterinsights_sitenote_category":0},"aioseo_notices":[],"_links":{"self":[{"href":"https:\/\/murrado.pl\/index.php\/wp-json\/wp\/v2\/product\/5485"}],"collection":[{"href":"https:\/\/murrado.pl\/index.php\/wp-json\/wp\/v2\/product"}],"about":[{"href":"https:\/\/murrado.pl\/index.php\/wp-json\/wp\/v2\/types\/product"}],"replies":[{"embeddable":true,"href":"https:\/\/murrado.pl\/index.php\/wp-json\/wp\/v2\/comments?post=5485"}],"wp:featuredmedia":[{"embeddable":true,"href":"https:\/\/murrado.pl\/index.php\/wp-json\/wp\/v2\/media\/5954"}],"wp:attachment":[{"href":"https:\/\/murrado.pl\/index.php\/wp-json\/wp\/v2\/media?parent=5485"}],"curies":[{"name":"wp","href":"https:\/\/api.w.org\/{rel}","templated":true}]}}