{"id":5496,"date":"2020-08-15T17:10:31","date_gmt":"2020-08-15T15:10:31","guid":{"rendered":"https:\/\/murrado.pl\/?post_type=product&#038;p=5496"},"modified":"2025-11-14T12:40:14","modified_gmt":"2025-11-14T11:40:14","slug":"kociol-piec-indukcyjny-pereko-pi-10-kw","status":"publish","type":"product","link":"https:\/\/murrado.pl\/index.php\/produkt\/kociol-piec-indukcyjny-pereko-pi-10-kw\/","title":{"rendered":"KOCIO\u0141 PIEC INDUKCYJNY PEREKO Pi 10 kW"},"content":{"rendered":"<p><em><strong>Nowoczesny design i intuicyjna obs\u0142uga<\/strong><\/em><br \/>\n<em><strong>Wysoka sprawno\u015b\u0107 i pe\u0142na automatyzacja<\/strong><\/em><br \/>\n<em><strong>Ca\u0142kowita kontrola i bezpiecze\u0144stwo<\/strong><\/em><\/p>\n<p>&nbsp;<\/p>\n<p><strong>Kocio\u0142 indukcyjny \u03c0<\/strong>\u00a0<em>to urz\u0105dzenie kt\u00f3re posiada wiele zalet. Jest dobrym rozwi\u0105zaniem zar\u00f3wno dla dom\u00f3w jednorodzinnych, jak i osiedli mieszkaniowych, prywatnych przedsi\u0119biorstw, obiekt\u00f3w u\u017cyteczno\u015bci publicznej ceni\u0105cych sobie zwrot koszt\u00f3w nie tylko na p\u0142aszczy\u017anie finansowej. Zakup kot\u0142a to inwestycja, kt\u00f3ra daje komfort. Kocio\u0142 jest wyj\u0105tkowo wydajny. Jest r\u00f3wnie\u017c ta\u0144szy w eksploatacji w por\u00f3wnaniu z innymi nowoczesnymi urz\u0105dzeniami dost\u0119pnymi na rynku.<br \/>\nZastosowanie paneli fotowoltaicznych mo\u017ce ca\u0142kowicie lub cz\u0119\u015bciowo kompensowa\u0107 wydatki na energi\u0119 elektryczn\u0105.<br \/>\n<\/em><\/p>\n<p><strong>Kocio\u0142 indukcyjny serii \u03c0 jest kot\u0142em ca\u0142kowicie bezobs\u0142ugowym<\/strong>. <em>Na sterowniku ustawia si\u0119 wy\u0142\u0105cznie podtrzymanie zadanej temperatury, jak\u0105 urz\u0105dzenie powinno utrzyma\u0107 na zbiorniku buforowym oraz godziny za\u0142\u0105czania si\u0119 kot\u0142a, by dogrza\u0107 wod\u0119 w zbiorniku. Kocio\u0142 za\u0142\u0105cza si\u0119 samoczynnie (nie emituj\u0105c \u017cadnych d\u017awi\u0119k\u00f3w czy wibracji) w godzinach obowi\u0105zywania ta\u0144szych stawek za kWh. Po dogrzaniu wody do zadanej temperatury urz\u0105dzenie wy\u0142\u0105cza si\u0119, obliczaj\u0105c czas do kolejnego za\u0142\u0105czenia.<\/em><\/p>\n<p><em>Urz\u0105dzenie zajmuje bardzo ma\u0142o miejsca i nie wymaga budowy dodatkowych pomieszcze\u0144. Zapewnia ca\u0142kowicie bezpieczn\u0105 i niezawodn\u0105 eksploatacj\u0119 oraz pe\u0142ni\u0119 komfortu i bezpiecze\u0144stwa. <\/em><strong>Wysoka sprawno\u015b\u0107 (98%)<\/strong><em> powoduje niskie koszty produkcji ciep\u0142a. Ma nadzwyczajnie d\u0142ug\u0105 \u017cywotno\u015b\u0107 \u2013 przy niezmiennej sprawno\u015bci w ca\u0142ym okresie pracy. W tym czasie nie wymaga obs\u0142ugi przez cz\u0142owieka, czyszczenia, wymiany czegokolwiek ani uzupe\u0142niania paliwa.<\/em><\/p>\n<p><strong>Kocio\u0142 Indukcyjny \u03c0 jest w pe\u0142ni ekologiczny<\/strong><em>, nie emituje spalin ani odpad\u00f3w. Jest wszechstronnie przebadany. Spe\u0142nia najwy\u017csze wymagania ochrony \u015brodowiska i oszcz\u0119dno\u015bci energii. Jego praca jest neutralna dla ludzi, zwierz\u0105t i ro\u015blin. Wykonany z materia\u0142\u00f3w podlegaj\u0105cych recyklingowi.<\/em><\/p>\n","protected":false},"excerpt":{"rendered":"<ul>\n<li><strong>Darmowa wysy\u0142ka na terenie Polski<\/strong><\/li>\n<li><strong>20 lat gwarancji<\/strong><\/li>\n<\/ul>\n","protected":false},"featured_media":6081,"comment_status":"open","ping_status":"closed","template":"","meta":{"om_disable_all_campaigns":false,"_monsterinsights_skip_tracking":false,"_monsterinsights_sitenote_active":false,"_monsterinsights_sitenote_note":"","_monsterinsights_sitenote_category":0},"aioseo_notices":[],"_links":{"self":[{"href":"https:\/\/murrado.pl\/index.php\/wp-json\/wp\/v2\/product\/5496"}],"collection":[{"href":"https:\/\/murrado.pl\/index.php\/wp-json\/wp\/v2\/product"}],"about":[{"href":"https:\/\/murrado.pl\/index.php\/wp-json\/wp\/v2\/types\/product"}],"replies":[{"embeddable":true,"href":"https:\/\/murrado.pl\/index.php\/wp-json\/wp\/v2\/comments?post=5496"}],"wp:featuredmedia":[{"embeddable":true,"href":"https:\/\/murrado.pl\/index.php\/wp-json\/wp\/v2\/media\/6081"}],"wp:attachment":[{"href":"https:\/\/murrado.pl\/index.php\/wp-json\/wp\/v2\/media?parent=5496"}],"curies":[{"name":"wp","href":"https:\/\/api.w.org\/{rel}","templated":true}]}}