{"id":5539,"date":"2020-08-19T16:00:27","date_gmt":"2020-08-19T14:00:27","guid":{"rendered":"https:\/\/murrado.pl\/?post_type=product&#038;p=5539"},"modified":"2025-11-14T12:24:41","modified_gmt":"2025-11-14T11:24:41","slug":"kociol-piec-na-ekogroszek-pereko-q-per-46-kw-ecodesign-5","status":"publish","type":"product","link":"https:\/\/murrado.pl\/index.php\/produkt\/kociol-piec-na-ekogroszek-pereko-q-per-46-kw-ecodesign-5\/","title":{"rendered":"Kocio\u0142 Piec na ekogroszek PEREKO Q-PER 46 kW ECODESIGN 5"},"content":{"rendered":"<h3><strong>Q jak quality<\/strong><\/h3>\n<p>Kocio\u0142 Q-Per to produkt cechuj\u0105cy si\u0119 now\u0105 jako\u015bci\u0105 na tle innych kot\u0142\u00f3w w pi\u0105tej klasie emisji spalin. D\u0105\u017cymy do tworzenia urz\u0105dze\u0144 poszukiwanych przez wymagaj\u0105cego klienta ceni\u0105cego sobie wygod\u0119, nowoczesn\u0105 technologi\u0119 i mo\u017cliwie najwy\u017csz\u0105 przyjazno\u015b\u0107 dla \u015brodowiska. Wszystkie elementy wyposa\u017cenia kot\u0142a Q-Per pracuj\u0105 na jego \u0142atwo\u015b\u0107 obs\u0142ugi, bezawaryjno\u015b\u0107, mo\u017cliwo\u015b\u0107 zdalnej kontroli i maksymalnie wysok\u0105 sprawno\u015b\u0107. Kocio\u0142 zamkni\u0119ty zosta\u0142 w nowoczesnej bryle spe\u0142niaj\u0105cej nie tylko oczekiwania co do przyjemnej dla oka stylistyki, ale tak\u017ce spe\u0142niaj\u0105cej wszystkie wymagania normy <strong>ECODESIGN<\/strong>.<\/p>\n<h3><strong>Sterownik z opcj\u0105 dost\u0119pu przez smartphona<\/strong><\/h3>\n<p>Kompaktowe wymiary i niewielka wysoko\u015b\u0107 Q-Per pozwoli\u0142y na umieszczenie panelu sterowania na g\u00f3rze kot\u0142a. Kocio\u0142 obs\u0142ugiwany jest przez sterownik, kt\u00f3ry oferuje coraz bardziej popularn\u0105 i poszukiwan\u0105 przez u\u017cytkownik\u00f3w opcj\u0119 dost\u0119pu do urz\u0105dzenia za pomoc\u0105 aplikacji na smartphonie. Fabryczne nastawy oraz algorytm sterownika zosta\u0142y opracowane w taki spos\u00f3b, aby urz\u0105dzenie spala\u0142o ka\u017cdy rodzaj ekogroszku, niezale\u017cnie od jego jako\u015bci.<\/p>\n<h3><strong>Zunifikowana technologia spalania i u\u017cytkowania<\/strong><\/h3>\n<p>Budowa kot\u0142a umo\u017cliwia r\u00f3wnie\u017c wygodny zasyp paliwa i \u0142atwy dost\u0119p do paleniska , z kt\u00f3rym kosz jest zintegrowany. Drzwiczki komory spalania i drzwiczki paleniska przykrywa lekki panel. Poza zwi\u0119kszeniem estetyki urz\u0105dzenia u\u0142atwia on utrzymanie czysto\u015bci i stanowi dodatkowe zabezpieczenie przed przypadkowym dotkni\u0119ciem rozgrzanych drzwiczek. System p\u00f3\u0142ek w komorze w naturalny spos\u00f3b wymusza przed\u0142u\u017cony obieg spalin. Prawie ca\u0142a energia zostaje przechwycona w wymienniku i przek\u0142ada si\u0119 na du\u017c\u0105 sprawno\u015b\u0107 kot\u0142a.<\/p>\n","protected":false},"excerpt":{"rendered":"<ul>\n<li><strong>Darmowa wysy\u0142ka na terenie Polski<\/strong><\/li>\n<li><strong>10 lat gwarancji<\/strong><\/li>\n<\/ul>\n","protected":false},"featured_media":5950,"comment_status":"open","ping_status":"closed","template":"","meta":{"om_disable_all_campaigns":false,"_monsterinsights_skip_tracking":false,"_monsterinsights_sitenote_active":false,"_monsterinsights_sitenote_note":"","_monsterinsights_sitenote_category":0},"aioseo_notices":[],"_links":{"self":[{"href":"https:\/\/murrado.pl\/index.php\/wp-json\/wp\/v2\/product\/5539"}],"collection":[{"href":"https:\/\/murrado.pl\/index.php\/wp-json\/wp\/v2\/product"}],"about":[{"href":"https:\/\/murrado.pl\/index.php\/wp-json\/wp\/v2\/types\/product"}],"replies":[{"embeddable":true,"href":"https:\/\/murrado.pl\/index.php\/wp-json\/wp\/v2\/comments?post=5539"}],"wp:featuredmedia":[{"embeddable":true,"href":"https:\/\/murrado.pl\/index.php\/wp-json\/wp\/v2\/media\/5950"}],"wp:attachment":[{"href":"https:\/\/murrado.pl\/index.php\/wp-json\/wp\/v2\/media?parent=5539"}],"curies":[{"name":"wp","href":"https:\/\/api.w.org\/{rel}","templated":true}]}}