{"id":5905,"date":"2020-09-04T16:40:35","date_gmt":"2020-09-04T14:40:35","guid":{"rendered":"https:\/\/murrado.pl\/?post_type=product&#038;p=5905"},"modified":"2026-03-05T14:52:11","modified_gmt":"2026-03-05T13:52:11","slug":"regulator-salus-091flrfv2-sterownik-bezpprzewodowy-3","status":"publish","type":"product","link":"https:\/\/murrado.pl\/index.php\/produkt\/regulator-salus-091flrfv2-sterownik-bezpprzewodowy-3\/","title":{"rendered":"REGULATOR SALUS 091Flrfv2 STEROWNIK BEZPPRZEWODOWY"},"content":{"rendered":"<h1>SALUS 091FLRFv2<\/h1>\n<p><b>Jest nowsz\u0105 wersj\u0105 regulatora 091FLRFv2.<\/b><\/p>\n<p>W stosunku do poprzedniej wersji regulatora:<\/p>\n<ul>\n<li>d\u0142u\u017cszy czas pod\u015bwietlenia i powrotu do ekranu g\u0142\u00f3wnego-10s<\/li>\n<li>dodano oznaczenia + oraz \u2212 na g\u0142\u00f3wnym panelu<\/li>\n<li>dodano nowe funkcje w menu serwisowym<\/li>\n<li>zmiana kodu komunikacyjnego bez demonta\u017cu urz\u0105dze\u0144<\/li>\n<li>nowy odbiornik radiowy z wi\u0119ksz\u0105 ilo\u015bci\u0105 kod\u00f3w komunikacyjnych<\/li>\n<li>odbiornik i nadajnik sparowane fabrycznie<\/li>\n<\/ul>\n<p><b>Podstawowe w\u0142a\u015bciwo\u015bci:<\/b><\/p>\n<p>Praca na cz\u0119stotliwo\u015bci 868 MHz, gwarantuje bardzo stabilny i odporny na zak\u0142\u00f3cenia sygna\u0142<\/p>\n<p>Zintegrowana i praktyczna podstawka regulatora o dw\u00f3ch k\u0105tach nachylenia zapewnia wygod\u0119 i funkcjonalno\u015b\u0107<\/p>\n<p>Zawiera 9 program\u00f3w (6 domy\u015blnych, 3 indywidualne)<\/p>\n<p>3 poziomy temperatur &#8211; dzienna, nocna, przeciwzamro\u017ceniowa<\/p>\n","protected":false},"excerpt":{"rendered":"<p><b>Bezprzewodowy elektroniczny pokojowy regulator temperatury <\/b><\/p>\n<p><b>z tygodniowymi ustawieniami<\/b><\/p>\n","protected":false},"featured_media":6138,"comment_status":"open","ping_status":"closed","template":"","meta":{"om_disable_all_campaigns":false,"_monsterinsights_skip_tracking":false,"_monsterinsights_sitenote_active":false,"_monsterinsights_sitenote_note":"","_monsterinsights_sitenote_category":0},"aioseo_notices":[],"_links":{"self":[{"href":"https:\/\/murrado.pl\/index.php\/wp-json\/wp\/v2\/product\/5905"}],"collection":[{"href":"https:\/\/murrado.pl\/index.php\/wp-json\/wp\/v2\/product"}],"about":[{"href":"https:\/\/murrado.pl\/index.php\/wp-json\/wp\/v2\/types\/product"}],"replies":[{"embeddable":true,"href":"https:\/\/murrado.pl\/index.php\/wp-json\/wp\/v2\/comments?post=5905"}],"wp:featuredmedia":[{"embeddable":true,"href":"https:\/\/murrado.pl\/index.php\/wp-json\/wp\/v2\/media\/6138"}],"wp:attachment":[{"href":"https:\/\/murrado.pl\/index.php\/wp-json\/wp\/v2\/media?parent=5905"}],"curies":[{"name":"wp","href":"https:\/\/api.w.org\/{rel}","templated":true}]}}