{"id":6026,"date":"2020-12-27T17:10:12","date_gmt":"2020-12-27T16:10:12","guid":{"rendered":"https:\/\/murrado.pl\/?post_type=product&#038;p=6026"},"modified":"2025-06-09T12:37:07","modified_gmt":"2025-06-09T10:37:07","slug":"galmet-neptun-kombi-120-lewy-bojler-wymiennik-cwu-wezownica-grzalka-06-124671","status":"publish","type":"product","link":"https:\/\/murrado.pl\/index.php\/produkt\/galmet-neptun-kombi-120-lewy-bojler-wymiennik-cwu-wezownica-grzalka-06-124671\/","title":{"rendered":"GALMET NEPTUN Kombi 120 lewy Bojler Wymiennik cwu w\u0119\u017cownica grza\u0142ka 06-124671"},"content":{"rendered":"<div class=\"wysiwyg --product-card-description\">\n<div class=\"wysiwyg --product-card-description\">Wymienniki c.w.u. SGW(S) Neptun Kombi:<\/div>\n<div class=\"wysiwyg --product-card-description\">-wymiennik wisz\u0105cy pionowy \u015brednica 48 cm<\/div>\n<div class=\"wysiwyg --product-card-description\">-podgrzewanie wody poprzez po\u0142\u0105czenie w\u0119\u017cownicy z kot\u0142em c.o. z lewej strony<\/div>\n<div class=\"wysiwyg --product-card-description\">-podgrzewanie poprzez grza\u0142k\u0119 elektryczn\u0105 2,0 kW<\/div>\n<div class=\"wysiwyg --product-card-description\">-wyposa\u017cony w anod\u0119 magnezow\u0105.<\/div>\n<div class=\"wysiwyg --product-card-description\">Jest praktycznym rozwi\u0105zaniem dla\u00a0 w ka\u017cdej kot\u0142owni. Zamontowana grza\u0142ka w sezonie letnim pozwala na wygaszenie kot\u0142a\/zu\u017cycie energii w tym czasie jest wyj\u0105tkowo niskie\/. Wyb\u00f3r pojemno\u015bci od 80 do 140 litr\u00f3w czyni go uniwersalnym \u017ar\u00f3d\u0142em ciep\u0142ej wody u\u017cytkowej. Szybkie nagrzanie wody w wymienniku c.w.u. zapewnia w\u0119\u017cownica spiralna o du\u017cej d\u0142ugo\u015bci. W po\u0142\u0105czeniu z wydajn\u0105 izolacj\u0105 z g\u0119stej pianki poliuretanowej gwarantuje d\u0142ugie utrzymanie temperatury wody i ekonomiczn\u0105 prac\u0119. Specjalnie wypalana emalia ceramiczna chroni zbiornik wymiennika przed korozj\u0105 i zapewnia higieniczne u\u017cytkowanie.<\/div>\n<\/div>\n","protected":false},"excerpt":{"rendered":"<p><strong>Gwarancja 60 miesi\u0119cy.<\/strong><br \/>\nWymiennik \u00a0wisz\u0105cy, przy\u0142acze z lewej strony,\u00a0 z grza\u0142k\u0105 elektryczn\u0105.<\/p>\n<h3 class=\"under-title\">Wymiennik c.w.u.\u00a0NEPTUN KOMBI\u00a0z w\u0119\u017cownic\u0105 spiraln\u0105, wisz\u0105cy &#8211; SGW(S)<\/h3>\n<ul>\n<li>W\u0119\u017cownica dedykowana do zasilania z\u00a0wszystkich typ\u00f3w kot\u0142a c.o.<\/li>\n<li>Przy\u0142\u0105cza w\u0119\u017cownicy z prawej lub lewej strony.<\/li>\n<li>Do 50% d\u0142u\u017csza \u017cywotno\u015b\u0107\u00a0dzi\u0119ki\u00a0ochronie RESIST-TECH<sup>\u00ae<\/sup>.<\/li>\n<li>Najwy\u017cszej jako\u015bci emalia ceramiczna EXTRA GLASS<sup>\u00ae<\/sup>.<\/li>\n<li>Zabezpieczenie w standardzie &#8211; anoda magnezowa.<\/li>\n<li>Pojemno\u015b\u0107: 120 litr\u00f3w.<\/li>\n<\/ul>\n","protected":false},"featured_media":6021,"comment_status":"open","ping_status":"closed","template":"","meta":{"om_disable_all_campaigns":false,"_monsterinsights_skip_tracking":false,"_monsterinsights_sitenote_active":false,"_monsterinsights_sitenote_note":"","_monsterinsights_sitenote_category":0},"aioseo_notices":[],"_links":{"self":[{"href":"https:\/\/murrado.pl\/index.php\/wp-json\/wp\/v2\/product\/6026"}],"collection":[{"href":"https:\/\/murrado.pl\/index.php\/wp-json\/wp\/v2\/product"}],"about":[{"href":"https:\/\/murrado.pl\/index.php\/wp-json\/wp\/v2\/types\/product"}],"replies":[{"embeddable":true,"href":"https:\/\/murrado.pl\/index.php\/wp-json\/wp\/v2\/comments?post=6026"}],"wp:featuredmedia":[{"embeddable":true,"href":"https:\/\/murrado.pl\/index.php\/wp-json\/wp\/v2\/media\/6021"}],"wp:attachment":[{"href":"https:\/\/murrado.pl\/index.php\/wp-json\/wp\/v2\/media?parent=6026"}],"curies":[{"name":"wp","href":"https:\/\/api.w.org\/{rel}","templated":true}]}}