{"id":6044,"date":"2020-12-27T23:30:56","date_gmt":"2020-12-27T22:30:56","guid":{"rendered":"https:\/\/murrado.pl\/?post_type=product&#038;p=6044"},"modified":"2025-06-09T12:33:41","modified_gmt":"2025-06-09T10:33:41","slug":"galmet-120-neptun-kombi-elektronik-prawy-wymiennik-bojler-06-124770","status":"publish","type":"product","link":"https:\/\/murrado.pl\/index.php\/produkt\/galmet-120-neptun-kombi-elektronik-prawy-wymiennik-bojler-06-124770\/","title":{"rendered":"GALMET 120 NEPTUN kombi ELEKTRONIK prawy WYMIENNIK BOJLER (06-124770)"},"content":{"rendered":"<div class=\"wysiwyg --product-card-description\">Wymienniki c.w.u. SGW(S) Neptun Kombi New :<\/div>\n<div class=\"wysiwyg --product-card-description\">-wymiennik wisz\u0105cy pionowy \u015brednica 48 cm<\/div>\n<div class=\"wysiwyg --product-card-description\">-podgrzewanie wody poprzez po\u0142\u0105czenie w\u0119\u017cownicy z kot\u0142em c.o. z prawej strony<\/div>\n<div class=\"wysiwyg --product-card-description\">-podgrzewanie poprzez grza\u0142k\u0119 elektryczn\u0105 2,0 kW<\/div>\n<div class=\"wysiwyg --product-card-description\">-wyposa\u017cony w anod\u0119 magnezow\u0105.<\/div>\n<div class=\"wysiwyg --product-card-description\">Jest praktycznym rozwi\u0105zaniem dla\u00a0 w ka\u017cdej kot\u0142owni. Zamontowana grza\u0142ka w sezonie letnim pozwala na wygaszenie kot\u0142a \/zu\u017cycie pr\u0105du w tym czasie jest wyj\u0105tkowo niskie\/. Gabaryty i cena powoduj\u0105 \u017ce jest uniwersalnym \u017ar\u00f3d\u0142em ciep\u0142ej wody u\u017cytkowej. Szybkie nagrzanie wody w wymienniku c.w.u. zapewnia w\u0119\u017cownica spiralna o du\u017cej d\u0142ugo\u015bci. W po\u0142\u0105czeniu z wydajn\u0105 izolacj\u0105 z g\u0119stej pianki poliuretanowej gwarantuje d\u0142ugie utrzymanie temperatury wody i ekonomiczn\u0105 prac\u0119. Specjalnie wypalana emalia ceramiczna chroni zbiornik wymiennika przed korozj\u0105 i zapewnia higieniczne u\u017cytkowanie.<\/div>\n","protected":false},"excerpt":{"rendered":"<p><strong>Gwarancja 60 miesi\u0119cy.<\/strong><br \/>\nWymiennik \u00a0wisz\u0105cy, wy\u015bwietlacz temperatury cyfrowy, grza\u0142ka elektryczna, przy\u0142\u0105cze z prawej strony.<\/p>\n","protected":false},"featured_media":6019,"comment_status":"open","ping_status":"closed","template":"","meta":{"om_disable_all_campaigns":false,"_monsterinsights_skip_tracking":false,"_monsterinsights_sitenote_active":false,"_monsterinsights_sitenote_note":"","_monsterinsights_sitenote_category":0},"aioseo_notices":[],"_links":{"self":[{"href":"https:\/\/murrado.pl\/index.php\/wp-json\/wp\/v2\/product\/6044"}],"collection":[{"href":"https:\/\/murrado.pl\/index.php\/wp-json\/wp\/v2\/product"}],"about":[{"href":"https:\/\/murrado.pl\/index.php\/wp-json\/wp\/v2\/types\/product"}],"replies":[{"embeddable":true,"href":"https:\/\/murrado.pl\/index.php\/wp-json\/wp\/v2\/comments?post=6044"}],"wp:featuredmedia":[{"embeddable":true,"href":"https:\/\/murrado.pl\/index.php\/wp-json\/wp\/v2\/media\/6019"}],"wp:attachment":[{"href":"https:\/\/murrado.pl\/index.php\/wp-json\/wp\/v2\/media?parent=6044"}],"curies":[{"name":"wp","href":"https:\/\/api.w.org\/{rel}","templated":true}]}}