{"id":6065,"date":"2021-01-15T22:42:36","date_gmt":"2021-01-15T21:42:36","guid":{"rendered":"https:\/\/murrado.pl\/?post_type=product&#038;p=6065"},"modified":"2025-06-09T12:57:20","modified_gmt":"2025-06-09T10:57:20","slug":"galmet-120l-stojacy-mini-tower-wymiennik-bojler-26-128000","status":"publish","type":"product","link":"https:\/\/murrado.pl\/index.php\/produkt\/galmet-120l-stojacy-mini-tower-wymiennik-bojler-26-128000\/","title":{"rendered":"GALMET 120L stoj\u0105cy MINI TOWER WYMIENNIK BOJLER 26-128000"},"content":{"rendered":"<div class=\"wysiwyg --product-card-description\">Wymienniki c.w.u. SGW(S) MINI TOWER stoj\u0105cy :<\/div>\n<div class=\"wysiwyg --product-card-description\">-wymiennik stoj\u0105cy, pionowy \u015brednica 51,8 cm<\/div>\n<div class=\"wysiwyg --product-card-description\">-podgrzewanie wody poprzez po\u0142\u0105czenie w\u0119\u017cownicy z kot\u0142em c.o.<\/div>\n<div class=\"wysiwyg --product-card-description\">-wyposa\u017cony w anod\u0119 magnezow\u0105.<\/div>\n<div class=\"wysiwyg --product-card-description\">Jest praktycznym rozwi\u0105zaniem dla kot\u0142owni. Szybkie nagrzanie wody w wymienniku c.w.u. zapewnia w\u0119\u017cownica spiralna o du\u017cej d\u0142ugo\u015bci. W po\u0142\u0105czeniu z wydajn\u0105 izolacj\u0105 z g\u0119stej pianki poliuretanowej gwarantuje d\u0142ugie utrzymanie temperatury wody, ekonomiczn\u0105 prac\u0119, Specjalnie wypalana emalia ceramiczna nak\u0142adana metod\u0105 na mokro dodatkowo wp\u0142ywa na zabezpieczenie antykorozyjne, zapewnia higieniczne u\u017cytkowanie oraz d\u0142ug\u0105 \u017cywotno\u015b\u0107 urz\u0105dzenia.<\/div>\n<div>Bardzo prosty w monta\u017cu i obs\u0142udze wymiennik posiada obudow\u0119 skay\/folia PVC. Wymiennik wsp\u00f3\u0142pracuje ze wszystkimi typami kot\u0142\u00f3w.<\/div>\n<div>&#8211; Przy\u0142\u0105cze cyrkulacji + grza\u0142ki w standardzie<br \/>\n&#8211; Izolacja wykonana z pianki poliuretanowej<br \/>\n&#8211; stopki poziomuj\u0105ce<\/div>\n","protected":false},"excerpt":{"rendered":"<p><strong>Gwarancja 60 miesi\u0119cy.<\/strong><br \/>\nWymiennik\u00a0 stoj\u0105cy, okr\u0105g\u0142y z mo\u017cliwo\u015bci\u0105 pod\u0142\u0105czenia grza\u0142ki elektrycznej, przy\u0142\u0105cza z boku wymiennika.<\/p>\n","protected":false},"featured_media":6059,"comment_status":"open","ping_status":"closed","template":"","meta":{"om_disable_all_campaigns":false,"_monsterinsights_skip_tracking":false,"_monsterinsights_sitenote_active":false,"_monsterinsights_sitenote_note":"","_monsterinsights_sitenote_category":0},"aioseo_notices":[],"_links":{"self":[{"href":"https:\/\/murrado.pl\/index.php\/wp-json\/wp\/v2\/product\/6065"}],"collection":[{"href":"https:\/\/murrado.pl\/index.php\/wp-json\/wp\/v2\/product"}],"about":[{"href":"https:\/\/murrado.pl\/index.php\/wp-json\/wp\/v2\/types\/product"}],"replies":[{"embeddable":true,"href":"https:\/\/murrado.pl\/index.php\/wp-json\/wp\/v2\/comments?post=6065"}],"wp:featuredmedia":[{"embeddable":true,"href":"https:\/\/murrado.pl\/index.php\/wp-json\/wp\/v2\/media\/6059"}],"wp:attachment":[{"href":"https:\/\/murrado.pl\/index.php\/wp-json\/wp\/v2\/media?parent=6065"}],"curies":[{"name":"wp","href":"https:\/\/api.w.org\/{rel}","templated":true}]}}