{"id":6119,"date":"2021-01-28T08:41:56","date_gmt":"2021-01-28T07:41:56","guid":{"rendered":"https:\/\/murrado.pl\/?post_type=product&#038;p=6119"},"modified":"2025-07-23T15:10:57","modified_gmt":"2025-07-23T13:10:57","slug":"pompa-co-energooszczedna-elektroniczna-diamond-60","status":"publish","type":"product","link":"https:\/\/murrado.pl\/index.php\/produkt\/pompa-co-energooszczedna-elektroniczna-diamond-60\/","title":{"rendered":"POMPA CO ENERGOOSZCZ\u0118DNA ELEKTRONICZNA DIAMOND 60"},"content":{"rendered":"<h2>Energooszcz\u0119dna elektroniczna pompa CO RS25\/60EL\/180MM ( ART.5-180 )<\/h2>\n<h2>Specyfikacja<\/h2>\n<div class=\"row\">\n<div class=\"col-xs-12 facts-content\">\n<ul class=\"prod_detail--datalist\">\n<li>\n<div class=\"col-xs-12 col-sm-6\">Wysoko\u015b\u0107 podnoszenia maks.<strong> 6.00 m<\/strong><\/div>\n<\/li>\n<li>\n<div class=\"col-xs-12 col-sm-6\">Maks. ci\u015bnienie robocze <strong>10 bar<\/strong><\/div>\n<\/li>\n<li>\n<div class=\"col-xs-12 col-sm-6\">Temp.cieczy\u00a0 do <strong>95 \u00b0C<\/strong><\/div>\n<\/li>\n<li>\n<div class=\"col-xs-12 col-sm-6\">Zasilanie:<strong> 230V<\/strong><\/div>\n<\/li>\n<li>\n<div class=\"col-xs-12 col-sm-6\">Pob\u00f3r pob\u00f3r mocy: <b>5W-45W<\/b><\/div>\n<\/li>\n<li>D\u0142ugo\u015b\u0107 monta\u017cowa: <strong>180mm<\/strong><\/li>\n<li>Waga ok. <strong>2.2 kg<\/strong>W zestawie z pomp\u0105:\n<ul>\n<li>komplet uszczelek<\/li>\n<li>komplet \u015brubunk\u00f3w<\/li>\n<li>kabel zasilaj\u0105cy<\/li>\n<\/ul>\n<\/li>\n<li><img loading=\"lazy\" decoding=\"async\" class=\"alignnone size-medium wp-image-5695\" src=\"https:\/\/murrado.pl\/wp-content\/uploads\/2020\/06\/ART.4-180.jpg-DIAM.jpg-2-300x225.png\" alt=\"\" width=\"300\" height=\"225\" srcset=\"https:\/\/murrado.pl\/wp-content\/uploads\/2020\/06\/ART.4-180.jpg-DIAM.jpg-2-300x225.png 300w, https:\/\/murrado.pl\/wp-content\/uploads\/2020\/06\/ART.4-180.jpg-DIAM.jpg-2-768x576.png 768w, https:\/\/murrado.pl\/wp-content\/uploads\/2020\/06\/ART.4-180.jpg-DIAM.jpg-2-600x450.png 600w, https:\/\/murrado.pl\/wp-content\/uploads\/2020\/06\/ART.4-180.jpg-DIAM.jpg-2.png 800w\" sizes=\"(max-width: 300px) 100vw, 300px\" \/><\/li>\n<\/ul>\n<\/div>\n<\/div>\n","protected":false},"excerpt":{"rendered":"<p class=\"product_title entry-title\">Elektroniczne energooszcz\u0119dne pompy C.O. (centralnego ogrzewania). Zastosowanie elektronicznej pompy pozwala na oszcz\u0119dno\u015b\u0107 do 80% energii elektrycznej, umo\u017cliwia ona automatyczne sterowanie r\u00f3\u017cnica ci\u015bnienia poprzez regulacj\u0119 obrot\u00f3w i ich dostosowanie do aktualnego zapotrzebowania. Posiada wbudowany czujnik temperatury odpowiedzialny za w\u0142\u0105czanie i wy\u0142\u0105czanie nastawy nocnej.<\/p>\n","protected":false},"featured_media":5692,"comment_status":"open","ping_status":"closed","template":"","meta":{"om_disable_all_campaigns":false,"_monsterinsights_skip_tracking":false,"_monsterinsights_sitenote_active":false,"_monsterinsights_sitenote_note":"","_monsterinsights_sitenote_category":0},"aioseo_notices":[],"_links":{"self":[{"href":"https:\/\/murrado.pl\/index.php\/wp-json\/wp\/v2\/product\/6119"}],"collection":[{"href":"https:\/\/murrado.pl\/index.php\/wp-json\/wp\/v2\/product"}],"about":[{"href":"https:\/\/murrado.pl\/index.php\/wp-json\/wp\/v2\/types\/product"}],"replies":[{"embeddable":true,"href":"https:\/\/murrado.pl\/index.php\/wp-json\/wp\/v2\/comments?post=6119"}],"wp:featuredmedia":[{"embeddable":true,"href":"https:\/\/murrado.pl\/index.php\/wp-json\/wp\/v2\/media\/5692"}],"wp:attachment":[{"href":"https:\/\/murrado.pl\/index.php\/wp-json\/wp\/v2\/media?parent=6119"}],"curies":[{"name":"wp","href":"https:\/\/api.w.org\/{rel}","templated":true}]}}