{"id":6166,"date":"2021-02-14T20:51:08","date_gmt":"2021-02-14T19:51:08","guid":{"rendered":"https:\/\/murrado.pl\/?post_type=product&#038;p=6166"},"modified":"2024-11-09T18:21:34","modified_gmt":"2024-11-09T17:21:34","slug":"kolano-spalinowe-nastawne-fi-130-mm-90-czarne-wyczystka","status":"publish","type":"product","link":"https:\/\/murrado.pl\/index.php\/produkt\/kolano-spalinowe-nastawne-fi-130-mm-90-czarne-wyczystka\/","title":{"rendered":"Kolano spalinowe nastawne fi 130 mm 90\u00b0 czarne + wyczystka"},"content":{"rendered":"<div class=\"_1voj4 _z9prt _1xzdi _ai5yc _5d6n2 _15lj1\">\n<div class=\"_2d49e_5pK0q\">\n<h1>Kolano spalinowe regulowane 1\u00b0-90\u00b0 z wyczystk\u0105<\/h1>\n<p>Kolano dymne stosowane do komink\u00f3w oraz kot\u0142\u00f3w na paliwa sta\u0142e, kt\u00f3rych temperatura mo\u017ce kr\u00f3tkotrwale dochodzi\u0107 do 1000\u00b0C.<\/p>\n<p>Poszczeg\u00f3lne elementy s\u0105 spawane oraz pokryte z zewn\u0105trz bezwonn\u0105 farb\u0105 \u017caroodporn\u0105.<\/p>\n<p><b>Zastosowanie:<\/b><\/p>\n<ul>\n<li>kot\u0142y opalane drewnem<\/li>\n<li>kot\u0142y opalane w\u0119glem<\/li>\n<\/ul>\n<\/div>\n<\/div>\n<div class=\"_1voj4 _z9prt _1xzdi _ai5yc _5d6n2 _15lj1\">\n<div class=\"_4lbi0 _6kfrx _ur8qq _u5o1q _1xm8p _1agsg\">\n<div class=\"_18vat _10a7o _1yhvf _7ccvy\">\n<p><b>\u0141\u0105czone kielichowe gwarantuje <\/b><b>szczeln\u0105 i sztywn\u0105 konstrukcj\u0119 przy\u0142\u0105cza <\/b>oraz<br \/>\n<b>umo\u017cliwia prawid\u0142owy przep\u0142yw gaz\u00f3w spalinowych<\/b>\u00a0z kot\u0142a do komina.<\/p>\n<p><b>Uwaga!<\/b>\u00a0Po\u0142\u0105czenia element\u00f3w powinny by\u0107 uszczelniane za pomoc\u0105 specjalnej masy \u017caroodpornej do temperatury 1200\u00b0C.<\/p>\n<\/div>\n<\/div>\n<\/div>\n","protected":false},"excerpt":{"rendered":"<p><strong>Kot\u0142y opalane drewnem oraz w\u0119glem<\/strong><\/p>\n","protected":false},"featured_media":6171,"comment_status":"open","ping_status":"closed","template":"","meta":{"om_disable_all_campaigns":false,"_monsterinsights_skip_tracking":false,"_monsterinsights_sitenote_active":false,"_monsterinsights_sitenote_note":"","_monsterinsights_sitenote_category":0},"aioseo_notices":[],"_links":{"self":[{"href":"https:\/\/murrado.pl\/index.php\/wp-json\/wp\/v2\/product\/6166"}],"collection":[{"href":"https:\/\/murrado.pl\/index.php\/wp-json\/wp\/v2\/product"}],"about":[{"href":"https:\/\/murrado.pl\/index.php\/wp-json\/wp\/v2\/types\/product"}],"replies":[{"embeddable":true,"href":"https:\/\/murrado.pl\/index.php\/wp-json\/wp\/v2\/comments?post=6166"}],"wp:featuredmedia":[{"embeddable":true,"href":"https:\/\/murrado.pl\/index.php\/wp-json\/wp\/v2\/media\/6171"}],"wp:attachment":[{"href":"https:\/\/murrado.pl\/index.php\/wp-json\/wp\/v2\/media?parent=6166"}],"curies":[{"name":"wp","href":"https:\/\/api.w.org\/{rel}","templated":true}]}}