{"id":6187,"date":"2021-03-14T01:38:28","date_gmt":"2021-03-14T00:38:28","guid":{"rendered":"https:\/\/murrado.pl\/?post_type=product&#038;p=6187"},"modified":"2023-06-23T10:26:37","modified_gmt":"2023-06-23T08:26:37","slug":"biawar-w-e-300-81-mega-wymiennik-z-wezownica-spiralna","status":"publish","type":"product","link":"https:\/\/murrado.pl\/index.php\/produkt\/biawar-w-e-300-81-mega-wymiennik-z-wezownica-spiralna\/","title":{"rendered":"BIAWAR W-E 300.81 MEGA Wymiennik z w\u0119\u017cownic\u0105 spiraln\u0105"},"content":{"rendered":"<div>\n<div id=\"ctl00_cp_dd_itDesc\"><\/div>\n<\/div>\n<div class=\"wysiwyg --product-card-description\">Wymiennik c.w.u. MEGA\u00a0 z w\u0119\u017cownic\u0105 spiraln\u0105 stoj\u0105cy :<\/div>\n<div><\/div>\n<div>Zasobniki c.w.u. z w\u0119\u017cownic\u0105 serii MEGA przeznaczone s\u0105 do podgrzewania i magazynowania ciep\u0142ej wody u\u017cytkowej przy wsp\u00f3\u0142pracy z jednym \u017ar\u00f3d\u0142em ciep\u0142a, np. kot\u0142em gazowym, olejowym, kominkiem z p\u0142aszczem wodnym kot\u0142em na opa\u0142 sta\u0142y.<\/div>\n<div class=\"wysiwyg --product-card-description\">\n<ul>\n<li>Pojemno\u015b\u0107: 300 litr\u00f3w.<\/li>\n<li>W\u0119\u017cownica spiralna o du\u017cej powierzchni grzewczej- <strong>1,6<\/strong>\u00a0mkw.<\/li>\n<li>Wska\u017anik temperatury umo\u017clwiaj\u0105cy odczyt i kontrol\u0119 temperatury wody w zbiorniku.<\/li>\n<li>Zabezpieczenie &#8211; anoda magnezowa.<\/li>\n<li>Mo\u017cliwo\u015b\u0107 monta\u017cu grza\u0142ki elektrycznej \/Gw\/: <strong>5\/4&#8243;<\/strong>.<\/li>\n<li>Przy\u0142\u0105cze cyrkulacji w standardzie.<\/li>\n<li>Mo\u017cliwo\u015b\u0107 demonta\u017cu obudowy i izolacji termicznej u\u0142atwiaj\u0105ca transport.<\/li>\n<\/ul>\n<p>&nbsp;<\/p>\n<\/div>\n","protected":false},"excerpt":{"rendered":"<p><strong>Gwarancja 60 miesi\u0119cy.<\/strong><br \/>\nW\u0119\u017cownica spiraln\u0105 o du\u017cej powierzchni grzewczej \/ mkw\/\u00a0 <strong>1,15\u00a0<\/strong><br \/>\nMo\u017cliwo\u015b\u0107 pod\u0142\u0105czenia grza\u0142ki elektrycznej \/Gw\/: <strong>5\/4&#8243;<\/strong><\/p>\n","protected":false},"featured_media":6182,"comment_status":"open","ping_status":"closed","template":"","meta":{"om_disable_all_campaigns":false,"_monsterinsights_skip_tracking":false,"_monsterinsights_sitenote_active":false,"_monsterinsights_sitenote_note":"","_monsterinsights_sitenote_category":0},"aioseo_notices":[],"_links":{"self":[{"href":"https:\/\/murrado.pl\/index.php\/wp-json\/wp\/v2\/product\/6187"}],"collection":[{"href":"https:\/\/murrado.pl\/index.php\/wp-json\/wp\/v2\/product"}],"about":[{"href":"https:\/\/murrado.pl\/index.php\/wp-json\/wp\/v2\/types\/product"}],"replies":[{"embeddable":true,"href":"https:\/\/murrado.pl\/index.php\/wp-json\/wp\/v2\/comments?post=6187"}],"wp:featuredmedia":[{"embeddable":true,"href":"https:\/\/murrado.pl\/index.php\/wp-json\/wp\/v2\/media\/6182"}],"wp:attachment":[{"href":"https:\/\/murrado.pl\/index.php\/wp-json\/wp\/v2\/media?parent=6187"}],"curies":[{"name":"wp","href":"https:\/\/api.w.org\/{rel}","templated":true}]}}