{"id":6642,"date":"2023-02-12T15:49:52","date_gmt":"2023-02-12T14:49:52","guid":{"rendered":"https:\/\/murrado.pl\/?post_type=product&#038;p=6642"},"modified":"2023-06-11T16:47:37","modified_gmt":"2023-06-11T14:47:37","slug":"pompa-ciepla-pereko-termostar-eco-9-kw","status":"publish","type":"product","link":"https:\/\/murrado.pl\/index.php\/produkt\/pompa-ciepla-pereko-termostar-eco-9-kw\/","title":{"rendered":"Pompa Ciep\u0142a PEREKO Termostar ECO 9 kW"},"content":{"rendered":"<div class=\"col-md-6 col-sm-6 col-lg-12 cut-col\">\n<h4 class=\"card-title\">Pompy ciep\u0142a TERMOSTAR ECO<\/h4>\n<p class=\"card-text\">TERMOSTAR ECO wyznacza nowy standard komfortu w domu. Dzi\u0119ki\u00a0 precyzyjnej regulacji temperatury wody i poziomowi ha\u0142asu &lt;42 dB, TERMOSTAR ECO jest idealnym wyborem dla Twojej rodziny. Od ogrzewania do ch\u0142odzenia \u2013 ta pompa ciep\u0142a zapewni Ci komfort przez ca\u0142y rok.<\/p>\n<\/div>\n<div class=\"col-md-6 col-sm-6 col-lg-12 cut-col\">\n<p class=\"mg-md animated\" data-appear-anim-style=\"fadeIn\">\n<\/div>\n<h1>Zalety :<\/h1>\n<h3 class=\"mg-md h3-style text-center text-md-left\">INWERTER<\/h3>\n<p class=\"text-center text-md-left\">Charakteryzuje si\u0119 precyzyjn\u0105 regulacj\u0105 temperatury wody, wy\u017csz\u0105 sprawno\u015bci\u0105, \u0142agodnym rozruchem, szerszym zakresem pracy i\u00a0d\u0142u\u017csz\u0105 \u017cywotno\u015bci\u0105 spr\u0119\u017carki.<\/p>\n<h3 class=\"mg-md h3-style text-center text-md-left\">OGRZEWANIE I\u00a0CH\u0141ODZENIE<\/h3>\n<p class=\"text-center text-md-left\">Jest przydatna do ogrzewania i\u00a0ch\u0142odzenia. W\u00a0zimie mo\u017ce podgrzewa\u0107 wod\u0119 do temperatury<strong> 58\u00b0C<\/strong>, a\u00a0latem ch\u0142odzi\u0107 pomieszczenia, gdy temperatury na zewn\u0105trz s\u0105 wysokie.<\/p>\n<h3 class=\"mg-md h3-style text-center text-md-left\">POZIOM HA\u0141ASU<\/h3>\n<p>Jedna z\u00a0najcichszych pomp ciep\u0142a na rynku, o\u00a0maksymalnym poziomie ha\u0142asu <strong>42 dB<\/strong>.<\/p>\n<h3 class=\"mg-md h3-style text-center text-md-left\">CZYNNIK CH\u0141ODNICZY R32<\/h3>\n<p>W\u00a0pompie zastosowano czynnik ch\u0142odniczy R32, charakteryzuj\u0105cy si\u0119 niskim wsp\u00f3\u0142czynnikiem tworzenia efektu cieplarnianego.<\/p>\n<h3 class=\"mg-md h3-style text-center text-md-left\">KLASA EFEKTYWNO\u015aCI ENERGETYCZNEJ<\/h3>\n<p>Wydajna powietrzna pompa ciep\u0142a, osi\u0105gaj\u0105ca efektywno\u015b\u0107 energetyczn\u0105 A++ przy 55\u00b0C i\u00a0A+++ przy 35\u00b0C.<\/p>\n","protected":false},"excerpt":{"rendered":"<ul>\n<li style=\"list-style-type: none;\">\n<ul>\n<li>\n<div class=\"col-md-6 col-sm-6 col-lg-12 cut-col\">\n<p data-appear-anim-style=\"fadeIn\"><strong>MONO BLOCK\u00a0 <\/strong>\u0141atwe do zainstalowania urz\u0105dzenie, kt\u00f3re zawiera wszystkie elementy potrzebne do wytwarzania ciep\u0142a.<\/p>\n<p class=\"text-lg-left mg-md animated\" data-appear-anim-style=\"fadeIn\"><strong>Kompaktowa konstrukcja pompy ciep\u0142a<\/strong> (monoblok) zawiera wszystkie elementy niezb\u0119dne do wydajnej pracy i\u00a0szybkiego wytwarzania ciep\u0142a. Pozwala na u\u017cycie newielkiej ilo\u015bci czynnika ch\u0142odniczego R32, \u0142atw\u0105 instalacj\u0119 i\u00a0tani serwis.<\/p>\n<p class=\"text-lg-left mg-md animated\" data-appear-anim-style=\"fadeIn\"><strong>Spr\u0119\u017carka Mitsubishi,<\/strong>\u00a0b\u0119d\u0105ca sercem pompy ciep\u0142a, sprawia, \u017ce jest ona wydajna i\u00a0cicha (&lt;42 dB.). Dzi\u0119ki niej pompa ciep\u0142a mo\u017ce produkowa\u0107 ciep\u0142\u0105 wod\u0119 na potrzeby systemu centralnego ogrzewania lub ciep\u0142ej wody u\u017cytkowej.<\/p>\n<\/div>\n<div class=\"col-md-6 col-sm-6 col-lg-12 cut-col\">\n<p class=\"mg-md animated\" data-appear-anim-style=\"fadeIn\">Dzi\u0119ki zastosowaniu wysokiej jako\u015bci komponent\u00f3w takich jak spr\u0119\u017carka Mitsubishi, czy\u00a0<strong>pompa wody WILO<\/strong>\u00a0\u2013 na urz\u0105dzenie udzielamy nawet 5 lat gwarancji.<\/p>\n<p class=\"mg-md animated\" data-appear-anim-style=\"fadeIn\">Pompy ciep\u0142a TERMOSTAR ECO posiadaj\u0105\u00a0<strong>zaawansowane sterowanie<\/strong>\u00a0umo\u017cliwiaj\u0105ce programowanie pracy urz\u0105dzenia, przygotowanie ciep\u0142ej wody u\u017cytkowej, monitorowanie pracy i\u00a0produkcji ciep\u0142a. Bezprzewodowy system sterowania WiFi umo\u017cliwia sterowanie urz\u0105dzeniem z\u00a0dowolnego miejsca na \u015bwiecie.<\/p>\n<\/div>\n<\/li>\n<\/ul>\n<\/li>\n<\/ul>\n","protected":false},"featured_media":6635,"comment_status":"closed","ping_status":"closed","template":"","meta":{"om_disable_all_campaigns":true,"_monsterinsights_skip_tracking":false,"_monsterinsights_sitenote_active":false,"_monsterinsights_sitenote_note":"","_monsterinsights_sitenote_category":0},"aioseo_notices":[],"_links":{"self":[{"href":"https:\/\/murrado.pl\/index.php\/wp-json\/wp\/v2\/product\/6642"}],"collection":[{"href":"https:\/\/murrado.pl\/index.php\/wp-json\/wp\/v2\/product"}],"about":[{"href":"https:\/\/murrado.pl\/index.php\/wp-json\/wp\/v2\/types\/product"}],"replies":[{"embeddable":true,"href":"https:\/\/murrado.pl\/index.php\/wp-json\/wp\/v2\/comments?post=6642"}],"wp:featuredmedia":[{"embeddable":true,"href":"https:\/\/murrado.pl\/index.php\/wp-json\/wp\/v2\/media\/6635"}],"wp:attachment":[{"href":"https:\/\/murrado.pl\/index.php\/wp-json\/wp\/v2\/media?parent=6642"}],"curies":[{"name":"wp","href":"https:\/\/api.w.org\/{rel}","templated":true}]}}