{"id":6645,"date":"2023-02-13T23:12:57","date_gmt":"2023-02-13T22:12:57","guid":{"rendered":"https:\/\/murrado.pl\/?post_type=product&#038;p=6645"},"modified":"2026-02-12T11:12:56","modified_gmt":"2026-02-12T10:12:56","slug":"grzejnik-purmo-compact-c22-600x500","status":"publish","type":"product","link":"https:\/\/murrado.pl\/index.php\/produkt\/grzejnik-purmo-compact-c22-600x500\/","title":{"rendered":"Grzejnik Purmo Compact C22 600&#215;500"},"content":{"rendered":"<div class=\"OpisProduktu\">\n<div class=\"OpisProduktu\">\n<p><strong>PURMO <\/strong><strong>Compact C22 600 x 500\u00a0<\/strong><\/p>\n<div class=\"OpisProduktu\">\n<div class=\"tekst\">\n<div>\n<p><strong>Grzejnik Purmo p\u0142ytowy<\/strong> z zasilaniem bocznym do monta\u017cu w<br \/>\npomieszczeniach mieszkalnych, biurach oraz pomieszczeniach<br \/>\nprodukcyjnych i magazynowych.<\/p>\n<div>Wykonanie stalowe w wersji C(zasilane z boku), elementy grzejne z<br \/>\nelementami konwekcyjnymi, powierzchnie boczne stalowe, os\u0142ona g\u00f3rna w<br \/>\nwykonaniu stalowym typu grill.<br \/>\n<strong>Grzejnik Purmo Compact<\/strong> w widocznej na dole cenie oferujemy w zestawie<br \/>\nzawieraj\u0105cym: za\u015blepki, odpowietrzacz, uchwyty na\u015bcienne.<\/div>\n<div><strong>Monta\u017c<\/strong> mo\u017cliwy\u00a0 na \u015bcianie jako grzejniki wisz\u0105ce oraz jako\u00a0 grzejniki stoj\u0105ce montowane na specjalnych stojakach na pod\u0142odze.<\/div>\n<\/div>\n<div>\n<div><\/div>\n<div>\n<div><\/div>\n<\/div>\n<\/div>\n<\/div>\n<\/div>\n<\/div>\n<div class=\"parametry\">\n<div class=\"parametry-tresc\"><\/div>\n<\/div>\n<\/div>\n<div id=\"subProd\">\n<div class=\"sub\">\n<div class=\"OpisProduktu\">\n<p><strong>PURMO <\/strong><strong>Compact C22 600 x 500\u00a0<\/strong><\/p>\n<div class=\"OpisProduktu\">\n<div class=\"tekst\">\n<div><\/div>\n<div>\n<div>\n<div><strong>dane techniczne:<\/strong><\/div>\n<div><\/div>\n<ul>\n<li>Przy\u0142\u0105cza : 4 x G \u00bd &#8221; boczne<\/li>\n<li>Ci\u015bnienie robocze : 10 bar<\/li>\n<li>Temperatura maksymalna : 110 \u00baC<\/li>\n<li>Gwarancja: 10 lat<\/li>\n<li>Kolor: bia\u0142y RAL 9016<\/li>\n<\/ul>\n<p>&nbsp;<\/p>\n<\/div>\n<\/div>\n<\/div>\n<\/div>\n<div class=\"tekst\">\n<div>\n<p>&nbsp;<\/p>\n<p>&nbsp;<\/p>\n<p><img loading=\"lazy\" decoding=\"async\" src=\"https:\/\/www.tukado.pl\/image\/PURMO\/C22.png\" alt=\"\" width=\"648\" height=\"372\" \/><\/p>\n<p>&nbsp;<\/p>\n<table border=\"2\" width=\"794\" cellpadding=\"0\">\n<tbody>\n<tr>\n<td class=\"wysokosc_naglowek\" bgcolor=\"#ffffff\" width=\"40\"><strong>Wysoko\u015b\u0107<\/strong> [mm]<\/td>\n<td class=\"szerokosc_naglowek\" bgcolor=\"#ffffff\" width=\"50\"><strong>D\u0142ugo\u015b\u0107<\/strong> [mm]<\/td>\n<td class=\"rozstaw_podlaczen_naglowek\" bgcolor=\"#ffffff\" width=\"50\"><strong>G\u0142\u0119boko\u015b\u0107<\/strong> [mm]<\/td>\n<td class=\"kolor_naglowek\" bgcolor=\"#ffffff\" width=\"50\"><strong>Rozstaw Pod\u0142\u0105cze\u0144<\/strong> [mm]<\/td>\n<td class=\"kolor_naglowek\" bgcolor=\"#ffffff\" width=\"50\"><strong>Kolor<\/strong><\/td>\n<td class=\"wydajnosc_naglowek\" colspan=\"2\" bgcolor=\"#ffffff\" width=\"50\"><strong>Moc<\/strong> [W]<\/td>\n<td class=\"pojemnosc_naglowek\" bgcolor=\"#ffffff\" width=\"50\"><strong>Pojemno\u015b\u0107<\/strong> [litry]<\/td>\n<td class=\"masa_naglowek\" bgcolor=\"#ffffff\" width=\"50\"><strong>Waga<\/strong> [kg]<\/td>\n<\/tr>\n<tr>\n<td class=\"wysokosc_naglowek_A\" bgcolor=\"#ffffff\"><strong>H<\/strong><\/td>\n<td class=\"szerokosc_naglowek_B\" bgcolor=\"#ffffff\"><strong>L<\/strong><\/td>\n<td class=\"c_samo_naglowek\" bgcolor=\"#ffffff\"><\/td>\n<td class=\"kolor_naglowek\" bgcolor=\"#ffffff\"><span style=\"color: #ff00ff\">\u00a0<\/span><\/td>\n<td class=\"kolor_naglowek\" bgcolor=\"#ffffff\"><\/td>\n<td class=\"w75_naglowek\" bgcolor=\"#ffffff\">75\/65\/20\u00b0C*<\/td>\n<td class=\"w90_naglowek\" bgcolor=\"#ffffff\">55\/45\/20\u00b0C<strong>*<\/strong><\/td>\n<td class=\"pojemnosc_naglowek\" bgcolor=\"#ffffff\"><\/td>\n<td class=\"masa_naglowek\" bgcolor=\"#ffffff\"><\/td>\n<\/tr>\n<tr>\n<td class=\"wysokosc\" rowspan=\"1\" bgcolor=\"white\"><strong>600<\/strong><\/td>\n<td class=\"szerokosc\"><strong>500<\/strong><\/td>\n<td class=\"p_1_8\"><strong>102<\/strong><\/td>\n<td class=\"p_1_8\"><strong>550<\/strong><\/td>\n<td class=\"p_1_8\"><strong>RAL 9016 (bia\u0142y)<\/strong><\/td>\n<td class=\"wydajnosc_75\"><b><strong>855<\/strong><\/b><\/td>\n<td class=\"wydajnosc_90\"><strong>428<br \/>\n<\/strong><\/td>\n<td class=\"masa\"><strong>3,3<br \/>\n<\/strong><\/td>\n<td><strong>16,70<\/strong><\/td>\n<\/tr>\n<\/tbody>\n<\/table>\n<div>\u00a0* temperatura zasilania\/temperatura powrotu\/temperatura w pomieszczeniu<strong><br \/>\n<\/strong><\/div>\n<\/div>\n<div><\/div>\n<\/div>\n<\/div>\n<div class=\"parametry\">\n<div class=\"parametry-tresc\">\n<div class=\"lewa\"><\/div>\n<\/div>\n<\/div>\n<\/div>\n<\/div>\n","protected":false},"excerpt":{"rendered":"<p><strong>10 LAT GWARANCJI<\/strong><br \/>\n<strong>Darmowa dostawa &#8211; zam\u00f3wienie od 1800 z\u0142<\/strong><\/p>\n","protected":false},"featured_media":5580,"comment_status":"open","ping_status":"closed","template":"","meta":{"om_disable_all_campaigns":false,"_monsterinsights_skip_tracking":false,"_monsterinsights_sitenote_active":false,"_monsterinsights_sitenote_note":"","_monsterinsights_sitenote_category":0},"aioseo_notices":[],"_links":{"self":[{"href":"https:\/\/murrado.pl\/index.php\/wp-json\/wp\/v2\/product\/6645"}],"collection":[{"href":"https:\/\/murrado.pl\/index.php\/wp-json\/wp\/v2\/product"}],"about":[{"href":"https:\/\/murrado.pl\/index.php\/wp-json\/wp\/v2\/types\/product"}],"replies":[{"embeddable":true,"href":"https:\/\/murrado.pl\/index.php\/wp-json\/wp\/v2\/comments?post=6645"}],"wp:featuredmedia":[{"embeddable":true,"href":"https:\/\/murrado.pl\/index.php\/wp-json\/wp\/v2\/media\/5580"}],"wp:attachment":[{"href":"https:\/\/murrado.pl\/index.php\/wp-json\/wp\/v2\/media?parent=6645"}],"curies":[{"name":"wp","href":"https:\/\/api.w.org\/{rel}","templated":true}]}}