{"id":6735,"date":"2023-04-27T10:17:03","date_gmt":"2023-04-27T08:17:03","guid":{"rendered":"https:\/\/murrado.pl\/?post_type=product&#038;p=6735"},"modified":"2025-11-14T12:19:11","modified_gmt":"2025-11-14T11:19:11","slug":"pereko-retro-21-kw-kociol-piec-na-drewno-podlega-dofinansowaniu","status":"publish","type":"product","link":"https:\/\/murrado.pl\/index.php\/produkt\/pereko-retro-21-kw-kociol-piec-na-drewno-podlega-dofinansowaniu\/","title":{"rendered":"PEREKO Retro 21 kW Kocio\u0142 Piec na Drewno podlega dofinansowaniu"},"content":{"rendered":"<h3>Klasyczny Piec zasypowy Pereko Retro 14 kW na drewno, brykiet drzewny\u00a0klasa 5<\/h3>\n<p><b>KOCIO\u0141 NA\u00a0 W\u0118GIE<\/b><b>L SPE\u0141NIAJ\u0104CY WYMOGI EKOLOGICZNE &#8211; bardzo niska emisyjno\u015b\u0107 py\u0142\u00f3w<\/b><\/p>\n<p>Stalowe kot\u0142y grzewcze\u00a0 RETRO przeznaczone do instalacji CO w domach jednorodzinnych, gara\u017cach, pomieszczeniach gospodarczych itp.<\/p>\n<p>Przeznaczone do pracy w instalacjach wodnych centralnego ogrzewania grawitacyjnego lub z obiegiem wymuszonym systemu otwartego.<\/p>\n","protected":false},"excerpt":{"rendered":"<p><b>Wysokiej jako\u015bci stal kot\u0142owa<\/b>\u00a0zapewnia d\u0142ugotrwa\u0142\u0105 integralno\u015b\u0107 i\u00a0zwi\u0119kszon\u0105 odporno\u015b\u0107 na korozj\u0119.<\/p>\n<p><b>Wieloci\u0105gowy kana\u0142 spalinowy<\/b>\u00a0zapewnia wydajn\u0105 prac\u0119 i\u00a0wzmacnia konstrukcj\u0119 kot\u0142a.<\/p>\n<p><b>Katalizatory ceramiczne<\/b>\u00a0powoduj\u0105 lepsze dopalanie i\u00a0mniejsz\u0105 emisj\u0119 zanieczyszcze\u0144.<\/p>\n<p><b>Du\u017ca komora zasypowa<\/b> 60 l umo\u017cliwia spalanie\u00a0 drewna.<\/p>\n<p><b>Klasyczny ruchomy<\/b>\u00a0ruszt\u00a0u\u0142atwia czyszczenie.<\/p>\n","protected":false},"featured_media":7856,"comment_status":"open","ping_status":"closed","template":"","meta":{"om_disable_all_campaigns":false,"_monsterinsights_skip_tracking":false,"_monsterinsights_sitenote_active":false,"_monsterinsights_sitenote_note":"","_monsterinsights_sitenote_category":0},"aioseo_notices":[],"_links":{"self":[{"href":"https:\/\/murrado.pl\/index.php\/wp-json\/wp\/v2\/product\/6735"}],"collection":[{"href":"https:\/\/murrado.pl\/index.php\/wp-json\/wp\/v2\/product"}],"about":[{"href":"https:\/\/murrado.pl\/index.php\/wp-json\/wp\/v2\/types\/product"}],"replies":[{"embeddable":true,"href":"https:\/\/murrado.pl\/index.php\/wp-json\/wp\/v2\/comments?post=6735"}],"wp:featuredmedia":[{"embeddable":true,"href":"https:\/\/murrado.pl\/index.php\/wp-json\/wp\/v2\/media\/7856"}],"wp:attachment":[{"href":"https:\/\/murrado.pl\/index.php\/wp-json\/wp\/v2\/media?parent=6735"}],"curies":[{"name":"wp","href":"https:\/\/api.w.org\/{rel}","templated":true}]}}