{"id":6906,"date":"2023-06-13T14:00:56","date_gmt":"2023-06-13T12:00:56","guid":{"rendered":"https:\/\/murrado.pl\/?post_type=product&#038;p=6906"},"modified":"2025-11-23T10:34:13","modified_gmt":"2025-11-23T09:34:13","slug":"galmet-140l-vulcan-kombi-bojler-wymiennik-wiszacy-z-wezownica-spiralna-26-145600","status":"publish","type":"product","link":"https:\/\/murrado.pl\/index.php\/produkt\/galmet-140l-vulcan-kombi-bojler-wymiennik-wiszacy-z-wezownica-spiralna-26-145600\/","title":{"rendered":"GALMET 140L VULCAN KOMBI Bojler, Wymiennik Wisz\u0105cy z w\u0119\u017cownic\u0105 spiraln\u0105 26-145600"},"content":{"rendered":"<div class=\"wysiwyg --product-card-description\">Wymiennik c.w.u. VULKAN z w\u0119\u017cownic\u0105 spiraln\u0105 wisz\u0105cy :<\/div>\n<div class=\"wysiwyg --product-card-description\">\n<ul>\n<li>Pojemno\u015b\u0107: 140 litr\u00f3w.<\/li>\n<li>W\u0119\u017cownica dedykowana do zasilania z\u00a0wszystkich typ\u00f3w kot\u0142a c.o.<\/li>\n<li>W\u0119\u017cownica spiraln\u0105 o du\u017cej powierzchni grzewczej- 1,2 mkw.<\/li>\n<li>Najwy\u017cszej jako\u015bci emalia ceramiczna EXTRA GLASS nak\u0142adana metod\u0105 na mokro.<\/li>\n<li>Zabezpieczenie w standardzie &#8211; anoda magnezowa.<\/li>\n<li>Mo\u017cliwo\u015b\u0107 monta\u017cu elektrycznego kompletu grzejnego.<\/li>\n<li>Przy\u0142\u0105cze cyrkulacji w standardzie.<\/li>\n<\/ul>\n<\/div>\n","protected":false},"excerpt":{"rendered":"<p><strong>Gwarancja 60 miesi\u0119cy.<\/strong><br \/>\nWymiennik\u00a0 pionowy, <strong>wisz\u0105cy<\/strong><br \/>\nW\u0119\u017cownica spiraln\u0105 o du\u017cej powierzchni grzewczej \/ mkw\/\u00a0 <strong>1,2<br \/>\nProsimy o kontakt przed zam\u00f3wieniem\u00a0<\/strong><\/p>\n","protected":false},"featured_media":6893,"comment_status":"open","ping_status":"closed","template":"","meta":{"om_disable_all_campaigns":false,"_monsterinsights_skip_tracking":false,"_monsterinsights_sitenote_active":false,"_monsterinsights_sitenote_note":"","_monsterinsights_sitenote_category":0},"aioseo_notices":[],"_links":{"self":[{"href":"https:\/\/murrado.pl\/index.php\/wp-json\/wp\/v2\/product\/6906"}],"collection":[{"href":"https:\/\/murrado.pl\/index.php\/wp-json\/wp\/v2\/product"}],"about":[{"href":"https:\/\/murrado.pl\/index.php\/wp-json\/wp\/v2\/types\/product"}],"replies":[{"embeddable":true,"href":"https:\/\/murrado.pl\/index.php\/wp-json\/wp\/v2\/comments?post=6906"}],"wp:featuredmedia":[{"embeddable":true,"href":"https:\/\/murrado.pl\/index.php\/wp-json\/wp\/v2\/media\/6893"}],"wp:attachment":[{"href":"https:\/\/murrado.pl\/index.php\/wp-json\/wp\/v2\/media?parent=6906"}],"curies":[{"name":"wp","href":"https:\/\/api.w.org\/{rel}","templated":true}]}}