{"id":6982,"date":"2023-06-16T10:58:41","date_gmt":"2023-06-16T08:58:41","guid":{"rendered":"https:\/\/murrado.pl\/?post_type=product&#038;p=6982"},"modified":"2026-02-05T14:04:43","modified_gmt":"2026-02-05T13:04:43","slug":"grzejnik-purmo-ventil-compact-cv11-500-x-1800","status":"publish","type":"product","link":"https:\/\/murrado.pl\/index.php\/produkt\/grzejnik-purmo-ventil-compact-cv11-500-x-1800\/","title":{"rendered":"Grzejnik PURMO Ventil\u00a0Compact CV11 500 x 1800"},"content":{"rendered":"<div class=\"OpisProduktu\">\n<p><strong>PURMO Ventil\u00a0Compact<\/strong><strong> CV11 500 x 1800\u00a0<\/strong><\/p>\n<div class=\"OpisProduktu\">\n<div class=\"tekst\">\n<div><strong>Grzejniki Purmo<\/strong>\u00a0 dost\u0119pne s\u0105 w bardzo szerokim zakresie rozmiar\u00f3w i rodzaj\u00f3w, dlatego mo\u017cemy dobra\u0107 grzejnik praktycznie do ka\u017cdej wielko\u015bci pomieszcze\u0144.<br \/>\nPurmo Ventil Compact (CV) to pokojowe stalowe grzejniki p\u0142ytowe z pod\u0142\u0105czeniem dolnym. Stanowi\u0105 idealne wyposa\u017cenie domowej instalacji grzewczej. Pokojowe grzejniki polecane jako urz\u0105dzenia grzewcze montowane w sypialniach, pokojach dziennych, kuchniach. Monta\u017c jest mo\u017cliwy zar\u00f3wno na \u015bcianie jako grzejniki wisz\u0105ce, opcjonalnie mo\u017cna uzyska\u0107 grzejniki stoj\u0105ce montuj\u0105c je na pod\u0142odze na specjalnych stojakach. Pokojowe grzejniki Purmo posiadaj\u0105 powierzchnie boczne obudowane os\u0142onami oraz powierzchni\u0119 g\u00f3rn\u0105 przykryt\u0105 os\u0142on\u0105 typu grill. Dost\u0119pne s\u0105 w szerokim zakresie typ\u00f3w i rozmiar\u00f3w, dlatego \u0142atwo dobra\u0107 grzejnik do ka\u017cdej wielko\u015bci pomieszczenia. Grzejniki typu CV wyposa\u017cone s\u0105 w cztery boczne i dwa dolne otwory przy\u0142\u0105czeniowe z gwintem 1\/2&#8243;. Istnieje mo\u017cliwo\u015b\u0107 zam\u00f3wienia zam\u00f3wienia wersji ocynkowanej dla monta\u017cu w pomieszczeniach o podwy\u017cszonej wilgotno\u015bci.<\/div>\n<div><\/div>\n<div><strong>wyposa\u017cenie :<\/strong><\/div>\n<div><\/div>\n<div>Grzejnik wyposa\u017cony jest w komplet zawiesze\u0144 \u015bciennych ,korek, odpowietrznik oraz wk\u0142adk\u0119 termostatyczn\u0105.<\/div>\n<div>Nie posiada g\u0142owicy termostatycznej<\/div>\n<div><\/div>\n<div>\n<div><strong>dane techniczne:<\/strong><\/div>\n<div>\n<ul>\n<li>Gwarancja: 10 lat<\/li>\n<li>Przy\u0142\u0105cza : 2 x G \u00bd &#8221; od do\u0142u<\/li>\n<li>Ci\u015bnienie robocze : 10 bar<\/li>\n<li>Kolor: bia\u0142y RAL 9016<\/li>\n<\/ul>\n<\/div>\n<\/div>\n<div>\n<p>\u00a0<img loading=\"lazy\" decoding=\"async\" class=\"alignnone size-full wp-image-6971\" src=\"https:\/\/murrado.pl\/wp-content\/uploads\/2023\/06\/PURMO-CV11.png\" alt=\"\" width=\"902\" height=\"519\" \/><\/p>\n<\/div>\n<\/div>\n<\/div>\n<div class=\"tekst\">\n<div>\n<p>&nbsp;<\/p>\n<table border=\"1\" width=\"794\" cellpadding=\"0\">\n<tbody>\n<tr>\n<td class=\"wysokosc_naglowek\" bgcolor=\"#aaaaaa\" width=\"40\"><strong>Wysoko\u015b\u0107<\/strong><\/td>\n<td class=\"szerokosc_naglowek\" bgcolor=\"#aaaaaa\" width=\"50\"><strong>D\u0142ugo\u015b\u0107<\/strong><\/td>\n<td class=\"rozstaw_podlaczen_naglowek\" bgcolor=\"#aaaaaa\" width=\"50\"><strong>G\u0142\u0119boko\u015b\u0107<\/strong><\/td>\n<td class=\"kolor_naglowek\" bgcolor=\"#aaaaaa\" width=\"50\"><strong>\u00a0Rozstaw Pod\u0142\u0105cze\u0144<\/strong><\/td>\n<td class=\"kolor_naglowek\" bgcolor=\"#aaaaaa\" width=\"50\"><strong>Kolor<\/strong><\/td>\n<td class=\"wydajnosc_naglowek\" colspan=\"2\" bgcolor=\"#aaaaaa\" width=\"50\"><strong>Wydajno\u015b\u0107<\/strong><\/td>\n<td class=\"pojemnosc_naglowek\" bgcolor=\"#aaaaaa\" width=\"50\"><strong>Pojemno\u015b\u0107<\/strong><\/td>\n<td class=\"masa_naglowek\" bgcolor=\"#aaaaaa\" width=\"50\"><strong>Waga<\/strong><\/td>\n<\/tr>\n<tr>\n<td class=\"wysokosc_naglowek_A\" bgcolor=\"#bbbbbb\"><strong>H<\/strong><\/td>\n<td class=\"szerokosc_naglowek_B\" bgcolor=\"#bbbbbb\"><strong>L<\/strong><\/td>\n<td class=\"c_samo_naglowek\" bgcolor=\"#bbbbbb\"><\/td>\n<td class=\"kolor_naglowek\" bgcolor=\"#bbbbbb\"><span style=\"color: #ff00ff\">\u00a0<\/span><\/td>\n<td class=\"kolor_naglowek\" bgcolor=\"#bbbbbb\"><\/td>\n<td class=\"w75_naglowek\" bgcolor=\"#bbbbbb\">75\/65\/20\u00b0C<strong>*<\/strong><\/td>\n<td class=\"w90_naglowek\" bgcolor=\"#bbbbbb\">55\/45\/20\u00b0C<strong>*<\/strong><\/td>\n<td class=\"pojemnosc_naglowek\" bgcolor=\"#bbbbbb\"><\/td>\n<td class=\"masa_naglowek\" bgcolor=\"#bbbbbb\"><\/td>\n<\/tr>\n<tr>\n<td class=\"wysokosc_naglowek_A_mm\" bgcolor=\"#cccccc\">[mm]<\/td>\n<td class=\"szerokosc_naglowek_B_mm\" bgcolor=\"#cccccc\">[mm]<\/td>\n<td class=\"c_mm_samo_naglowek\" bgcolor=\"#cccccc\">[mm]<\/td>\n<td class=\"kolor_naglowek\" bgcolor=\"#cccccc\">[mm]<\/td>\n<td class=\"kolor_naglowek\" bgcolor=\"#cccccc\">\u00a0bia\u0142y<\/td>\n<td class=\"wydajnosc_w_naglowek\" colspan=\"2\" bgcolor=\"#cccccc\">[W]<\/td>\n<td class=\"pojemnosc_dm_naglowek\" bgcolor=\"#cccccc\">[litr\u00f3w]<\/td>\n<td class=\"masa_kg_naglowek\" bgcolor=\"#cccccc\">[kg]<\/td>\n<\/tr>\n<tr>\n<td class=\"wysokosc\" rowspan=\"1\" bgcolor=\"white\"><strong>500<\/strong><\/td>\n<td class=\"szerokosc\"><strong>1800<\/strong><\/td>\n<td class=\"p_1_8\"><strong>60<\/strong><\/td>\n<td class=\"p_1_8\"><strong>50<\/strong><\/td>\n<td class=\"p_1_8\"><strong>RAL 9016<\/strong><\/td>\n<td class=\"wydajnosc_75\"><strong>1562<\/strong><\/td>\n<td class=\"wydajnosc_90\"><strong>801<\/strong><\/td>\n<td class=\"masa\"><strong>4,9<br \/>\n<\/strong><\/td>\n<td><strong>26,5<br \/>\n<\/strong><\/td>\n<\/tr>\n<\/tbody>\n<\/table>\n<div>\u00a0* temperatura zasilania\/temperatura powrotu\/temperatura w pomieszczeniu<strong><br \/>\n<\/strong><\/div>\n<\/div>\n<div><\/div>\n<div><\/div>\n<\/div>\n<\/div>\n","protected":false},"excerpt":{"rendered":"<p><strong>10 LAT GWARANCJI<\/strong><br \/>\n<strong>Darmowa dostawa &#8211; zam\u00f3wienie od 1800 z\u0142<\/strong><\/p>\n","protected":false},"featured_media":6755,"comment_status":"open","ping_status":"closed","template":"","meta":{"om_disable_all_campaigns":true,"_monsterinsights_skip_tracking":false,"_monsterinsights_sitenote_active":false,"_monsterinsights_sitenote_note":"","_monsterinsights_sitenote_category":0},"aioseo_notices":[],"_links":{"self":[{"href":"https:\/\/murrado.pl\/index.php\/wp-json\/wp\/v2\/product\/6982"}],"collection":[{"href":"https:\/\/murrado.pl\/index.php\/wp-json\/wp\/v2\/product"}],"about":[{"href":"https:\/\/murrado.pl\/index.php\/wp-json\/wp\/v2\/types\/product"}],"replies":[{"embeddable":true,"href":"https:\/\/murrado.pl\/index.php\/wp-json\/wp\/v2\/comments?post=6982"}],"wp:featuredmedia":[{"embeddable":true,"href":"https:\/\/murrado.pl\/index.php\/wp-json\/wp\/v2\/media\/6755"}],"wp:attachment":[{"href":"https:\/\/murrado.pl\/index.php\/wp-json\/wp\/v2\/media?parent=6982"}],"curies":[{"name":"wp","href":"https:\/\/api.w.org\/{rel}","templated":true}]}}