{"id":7223,"date":"2023-06-23T10:30:24","date_gmt":"2023-06-23T08:30:24","guid":{"rendered":"https:\/\/murrado.pl\/?post_type=product&#038;p=7223"},"modified":"2025-06-09T12:51:32","modified_gmt":"2025-06-09T10:51:32","slug":"galmet-tower-300-wymiennik-c-w-u-wezownica-spiralna-stojacy-26-308000n","status":"publish","type":"product","link":"https:\/\/murrado.pl\/index.php\/produkt\/galmet-tower-300-wymiennik-c-w-u-wezownica-spiralna-stojacy-26-308000n\/","title":{"rendered":"GALMET TOWER 300 Wymiennik c.w.u. w\u0119\u017cownica spiralna stoj\u0105cy 26-308000N"},"content":{"rendered":"<div>\n<div id=\"ctl00_cp_dd_itDesc\"><strong>Wymiennik c.w.u. TOWER\u00a0 300 z w\u0119\u017cownic\u0105 spiraln\u0105 stoj\u0105cy :<\/strong><\/div>\n<div>Wymiennik c.w.u. SGW(S) Tower 300 to zbiornik emaliowany z w\u0119\u017cownic\u0105 spiraln\u0105 o bardzo du\u017cej powierzchni przeznaczony do wsp\u00f3\u0142pracy z wszystkimi kot\u0142ami c.o.. Posiada izolacj\u0119 z pianki poliuretanowej i obudow\u0119 skay. Mo\u017cliwo\u015b\u0107 monta\u017cu dodatkowego \u017ar\u00f3d\u0142a ciep\u0142a w postaci kompletu elektrycznego.<\/div>\n<\/div>\n<div>\n<p><strong>Gwarantowana jako\u015b\u0107<br \/>\n<\/strong>Najlepsze surowce, zaawansowana technologia produkcji i wykwalifikowana kadra gwarantuj\u0105 najwy\u017csz\u0105 jako\u015b\u0107 na ka\u017cdym etapie produkcji. Pozwala to zaoferowa\u0107 u\u017cytkownikom 60 miesi\u0119cy gwarancji (szczeg\u00f3\u0142y w karcie gwarancyjnej).<\/p>\n<p>&nbsp;<\/p>\n<\/div>\n","protected":false},"excerpt":{"rendered":"<div class=\"wysiwyg --product-card-description\">\n<p>Wymiennik c.w.u.\u00a0<strong>TOWER\u00a0 300<\/strong>\u00a0z w\u0119\u017cownic\u0105 spiraln\u0105 stoj\u0105cy :<\/p>\n<\/div>\n<div>\n<ul>\n<li>W\u0119\u017cownica dedykowana do zasilania z wszystkich typ\u00f3w kot\u0142a\u00a0c.o.<\/li>\n<li>Najwy\u017cszej jako\u015bci emalia ceramiczna EXTRA GLASS.<\/li>\n<li>Dodatkowe zabezpieczenie gwarantuj\u0105 dwie anody magnezowe.<\/li>\n<li>Bezobs\u0142ugowa\u00a0anoda tytanowa i zaw\u00f3r bezpiecze\u0144stwa w opcji.<\/li>\n<li>Przy\u0142\u0105cza ukryte z ty\u0142u.\u00a0Termometr i n\u00f3\u017cki poziomuj\u0105ce\u00a0w standardzie.<\/li>\n<li>Pojemno\u015b\u0107: 300 litr\u00f3w, optymalna dla 4-6 os\u00f3b.<\/li>\n<\/ul>\n<\/div>\n","protected":false},"featured_media":7210,"comment_status":"open","ping_status":"closed","template":"","meta":{"om_disable_all_campaigns":false,"_monsterinsights_skip_tracking":false,"_monsterinsights_sitenote_active":false,"_monsterinsights_sitenote_note":"","_monsterinsights_sitenote_category":0},"aioseo_notices":[],"_links":{"self":[{"href":"https:\/\/murrado.pl\/index.php\/wp-json\/wp\/v2\/product\/7223"}],"collection":[{"href":"https:\/\/murrado.pl\/index.php\/wp-json\/wp\/v2\/product"}],"about":[{"href":"https:\/\/murrado.pl\/index.php\/wp-json\/wp\/v2\/types\/product"}],"replies":[{"embeddable":true,"href":"https:\/\/murrado.pl\/index.php\/wp-json\/wp\/v2\/comments?post=7223"}],"wp:featuredmedia":[{"embeddable":true,"href":"https:\/\/murrado.pl\/index.php\/wp-json\/wp\/v2\/media\/7210"}],"wp:attachment":[{"href":"https:\/\/murrado.pl\/index.php\/wp-json\/wp\/v2\/media?parent=7223"}],"curies":[{"name":"wp","href":"https:\/\/api.w.org\/{rel}","templated":true}]}}