{"id":7228,"date":"2023-06-23T11:39:18","date_gmt":"2023-06-23T09:39:18","guid":{"rendered":"https:\/\/murrado.pl\/?post_type=product&#038;p=7228"},"modified":"2025-06-09T12:51:06","modified_gmt":"2025-06-09T10:51:06","slug":"galmet-tower-biwal-300-wymiennik-podwojna-wezownica-spiralna-26-309000n","status":"publish","type":"product","link":"https:\/\/murrado.pl\/index.php\/produkt\/galmet-tower-biwal-300-wymiennik-podwojna-wezownica-spiralna-26-309000n\/","title":{"rendered":"GALMET Tower Biwal 300 Wymiennik podw\u00f3jna w\u0119\u017cownica spiralna 26-309000N"},"content":{"rendered":"<div>\n<div id=\"ctl00_cp_dd_itDesc\"><strong>Wymiennik c.w.u. TOWER BIWAL\u00a0 300 z w\u0119\u017cownic\u0105 spiraln\u0105 stoj\u0105cy :<\/strong><\/div>\n<div>Wymiennik c.w.u. SGW(S)B Tower Biwal 300 to zbiornik emaliowany z dwiema w\u0119\u017cownicami spiralnymi o bardzo du\u017cej powierzchni przeznaczony do wsp\u00f3\u0142pracy z kot\u0142em c.o. i kolektorami s\u0142onecznymi. Posiada izolacj\u0119 z pianki poliuretanowej i obudow\u0119 skay. Mo\u017cliwo\u015b\u0107 monta\u017cu dodatkowego \u017ar\u00f3d\u0142a ciep\u0142a w postaci kompletu elektrycznego.<\/div>\n<\/div>\n<div>\n<p><strong>Gwarantowana jako\u015b\u0107<br \/>\n<\/strong>Najlepsze surowce, zaawansowana technologia produkcji i wykwalifikowana kadra gwarantuj\u0105 najwy\u017csz\u0105 jako\u015b\u0107 na ka\u017cdym etapie produkcji. Pozwala to zaoferowa\u0107 u\u017cytkownikom 60 miesi\u0119cy gwarancji (szczeg\u00f3\u0142y w karcie gwarancyjnej).<\/p>\n<p>&nbsp;<\/p>\n<\/div>\n","protected":false},"excerpt":{"rendered":"<div class=\"wysiwyg --product-card-description\">\n<p><strong>Wymiennik c.w.u.TOWER biwalentny z dwiema w\u0119\u017cownicami spiralnymi &#8211; SGW(S)B<\/strong><\/p>\n<\/div>\n<div>\n<ul>\n<li style=\"list-style-type: none\">\n<ul>\n<li>Pozyskuje ciep\u0142o z odnawialnej energii s\u0142onecznej.<\/li>\n<li>Pracuje z optymaln\u0105 wydajno\u015bci\u0105 przez ca\u0142y rok.<\/li>\n<li>Zasilany przez dwie w\u0119\u017cownice, g\u00f3rn\u0105 i doln\u0105.<\/li>\n<li>Najwy\u017cszej jako\u015bci emalia ceramiczna EXTRA GLASS<sup>\u00ae<\/sup>.<\/li>\n<li>Mo\u017cliwo\u015b\u0107 monta\u017cu izolowanego kompletu elektrycznego GE.<\/li>\n<li>Bezobs\u0142ugowa, aktywna anoda tytanowa, w opcji.<\/li>\n<li>Pojemno\u015b\u0107: 300 litr\u00f3w, optymalna dla 4-6 os\u00f3b.<\/li>\n<\/ul>\n<\/li>\n<\/ul>\n<\/div>\n","protected":false},"featured_media":7234,"comment_status":"open","ping_status":"closed","template":"","meta":{"om_disable_all_campaigns":false,"_monsterinsights_skip_tracking":false,"_monsterinsights_sitenote_active":false,"_monsterinsights_sitenote_note":"","_monsterinsights_sitenote_category":0},"aioseo_notices":[],"_links":{"self":[{"href":"https:\/\/murrado.pl\/index.php\/wp-json\/wp\/v2\/product\/7228"}],"collection":[{"href":"https:\/\/murrado.pl\/index.php\/wp-json\/wp\/v2\/product"}],"about":[{"href":"https:\/\/murrado.pl\/index.php\/wp-json\/wp\/v2\/types\/product"}],"replies":[{"embeddable":true,"href":"https:\/\/murrado.pl\/index.php\/wp-json\/wp\/v2\/comments?post=7228"}],"wp:featuredmedia":[{"embeddable":true,"href":"https:\/\/murrado.pl\/index.php\/wp-json\/wp\/v2\/media\/7234"}],"wp:attachment":[{"href":"https:\/\/murrado.pl\/index.php\/wp-json\/wp\/v2\/media?parent=7228"}],"curies":[{"name":"wp","href":"https:\/\/api.w.org\/{rel}","templated":true}]}}