{"id":7243,"date":"2023-06-23T13:38:51","date_gmt":"2023-06-23T11:38:51","guid":{"rendered":"https:\/\/murrado.pl\/?post_type=product&#038;p=7243"},"modified":"2025-11-23T10:33:26","modified_gmt":"2025-11-23T09:33:26","slug":"galmet-tower-grand-200-wymiennik-c-w-u-wydluzona-wezownica-stoj-26-208107","status":"publish","type":"product","link":"https:\/\/murrado.pl\/index.php\/produkt\/galmet-tower-grand-200-wymiennik-c-w-u-wydluzona-wezownica-stoj-26-208107\/","title":{"rendered":"GALMET TOWER GRAND 200 Wymiennik c.w.u. wyd\u0142u\u017cona w\u0119\u017cownica stoj. 26-208107"},"content":{"rendered":"<div>\n<div id=\"ctl00_cp_dd_itDesc\">\n<p class=\"under-title\"><strong>Wymiennik c.w.u. z du\u017c\u0105 w\u0119\u017cownic\u0105 spiraln\u0105, do pomp ciep\u0142a &#8211; SGW(S)<\/strong><\/p>\n<\/div>\n<div>Tower Grand to szybki wymiennik c.w.u. do pomp ciep\u0142a o powi\u0119kszonej w\u0119\u017cownicy. Opracowany w oparciu o najlepsze cechy najwydajniejszego wymiennika c.w.u. do pomp ciep\u0142a \u2013 Maxi. Stanowi uzupe\u0142nienie oferty stoj\u0105cych wymiennik\u00f3w c.w.u. z w\u0119\u017cownic\u0105 spiraln\u0105, kt\u00f3rych podstaw\u0105 s\u0105 najpopularniejsze ogrzewacze Tower a najwi\u0119ksz\u0105 moc oferuj\u0105 ogrzewacze Maxi.<\/div>\n<\/div>\n<div>\n<p><strong>Gwarantowana jako\u015b\u0107<br \/>\n<\/strong>Najlepsze surowce, zaawansowana technologia produkcji i wykwalifikowana kadra gwarantuj\u0105 najwy\u017csz\u0105 jako\u015b\u0107 na ka\u017cdym etapie produkcji. Pozwala to zaoferowa\u0107 u\u017cytkownikom 60 miesi\u0119cy gwarancji (szczeg\u00f3\u0142y w karcie gwarancyjnej).<\/p>\n<p>&nbsp;<\/p>\n<\/div>\n","protected":false},"excerpt":{"rendered":"<div class=\"wysiwyg --product-card-description\">\n<p>Wymiennik c.w.u.\u00a0<strong>TOWER GRAND\u00a0 200<\/strong> z du\u017c\u0105 w\u0119\u017cownic\u0105 spiraln\u0105 stoj\u0105cy :<\/p>\n<\/div>\n<div>\n<ul>\n<li>Szybsze nagrzewanie wody &#8211; powi\u0119kszona w\u0119\u017cownica.<\/li>\n<li>Przeznaczony do pomp ciep\u0142a inwerterowych i on-off.<\/li>\n<li>W\u0119\u017cownica na ca\u0142ej wysoko\u015bci.<\/li>\n<li>Najwy\u017cszej jako\u015bci emalia ceramiczna EXTRA GLASS<sup>\u00ae<\/sup>.<\/li>\n<li>Dodatkowe zabezpieczenie powierzchni &#8211; dwie anody magnezowe.<\/li>\n<li>Mo\u017cliwo\u015b\u0107 monta\u017cu kompletu elektrycznego GE.<\/li>\n<li>Pojemno\u015b\u0107: 200 litr\u00f3w, optymalna dla 2-4 os\u00f3b.<\/li>\n<\/ul>\n<\/div>\n","protected":false},"featured_media":7219,"comment_status":"open","ping_status":"closed","template":"","meta":{"om_disable_all_campaigns":false,"_monsterinsights_skip_tracking":false,"_monsterinsights_sitenote_active":false,"_monsterinsights_sitenote_note":"","_monsterinsights_sitenote_category":0},"aioseo_notices":[],"_links":{"self":[{"href":"https:\/\/murrado.pl\/index.php\/wp-json\/wp\/v2\/product\/7243"}],"collection":[{"href":"https:\/\/murrado.pl\/index.php\/wp-json\/wp\/v2\/product"}],"about":[{"href":"https:\/\/murrado.pl\/index.php\/wp-json\/wp\/v2\/types\/product"}],"replies":[{"embeddable":true,"href":"https:\/\/murrado.pl\/index.php\/wp-json\/wp\/v2\/comments?post=7243"}],"wp:featuredmedia":[{"embeddable":true,"href":"https:\/\/murrado.pl\/index.php\/wp-json\/wp\/v2\/media\/7219"}],"wp:attachment":[{"href":"https:\/\/murrado.pl\/index.php\/wp-json\/wp\/v2\/media?parent=7243"}],"curies":[{"name":"wp","href":"https:\/\/api.w.org\/{rel}","templated":true}]}}