{"id":7281,"date":"2023-08-02T07:27:02","date_gmt":"2023-08-02T05:27:02","guid":{"rendered":"https:\/\/murrado.pl\/?post_type=product&#038;p=7281"},"modified":"2025-09-08T15:23:49","modified_gmt":"2025-09-08T13:23:49","slug":"honeywell-zestaw-termostatyczny-1-2-kat-do-grzejnika-bocznego","status":"publish","type":"product","link":"https:\/\/murrado.pl\/index.php\/produkt\/honeywell-zestaw-termostatyczny-1-2-kat-do-grzejnika-bocznego\/","title":{"rendered":"HONEYWELL ZESTAW TERMOSTATYCZNY 1\/2 K\u0104T do GRZEJNIKA BOCZNEGO"},"content":{"rendered":"<h3 class=\"product_title entry-title\">ZESTAW TERMOSTATYCZNY K\u0104TOWY 1\/2 HONEYWELL DO GRZEJNI\u00d3W BOCZNOZASILANYCH<\/h3>\n<div class=\"woocommerce-product-details__short-description\">\n<p>&nbsp;<\/p>\n<p>Wysokiej jako\u015bci zestaw termostatyczny k\u0105towy do pod\u0142\u0105czenia grzejnik\u00f3w bocznozasilanych do instalacji oraz do precyzyjnego ustawienia temperatury w pomieszczeniu.<br \/>\nZestawy termostatyczne wyst\u0119puj\u0105 r\u00f3wnie\u017c w wersji prostej.<\/p>\n<\/div>\n","protected":false},"excerpt":{"rendered":"<div><b>Zestaw termostatyczny DN15\u00a0 <\/b><b>1\/2&#8243; k\u0105towy :<\/b><\/div>\n<div>\n<ul>\n<li>najwy\u017csza jako\u015b\u0107<\/li>\n<li>pe\u0142na kontrola temperatury<\/li>\n<li>prosta i bezpieczna instalacja<\/li>\n<li>wytrzyma\u0142y materia\u0142<\/li>\n<\/ul>\n<p>W ZESTAWIE :<\/p>\n<ul>\n<li>g\u0142owica termostatyczna<\/li>\n<li>zaw\u00f3r termostatyczny 1\/2<\/li>\n<li>zaw\u00f3r powrotny k\u0105towy 1\/2\n<div class=\"summary entry-summary\"><\/div>\n<\/li>\n<\/ul>\n<\/div>\n","protected":false},"featured_media":7297,"comment_status":"open","ping_status":"closed","template":"","meta":{"om_disable_all_campaigns":false,"_monsterinsights_skip_tracking":false,"_monsterinsights_sitenote_active":false,"_monsterinsights_sitenote_note":"","_monsterinsights_sitenote_category":0},"aioseo_notices":[],"_links":{"self":[{"href":"https:\/\/murrado.pl\/index.php\/wp-json\/wp\/v2\/product\/7281"}],"collection":[{"href":"https:\/\/murrado.pl\/index.php\/wp-json\/wp\/v2\/product"}],"about":[{"href":"https:\/\/murrado.pl\/index.php\/wp-json\/wp\/v2\/types\/product"}],"replies":[{"embeddable":true,"href":"https:\/\/murrado.pl\/index.php\/wp-json\/wp\/v2\/comments?post=7281"}],"wp:featuredmedia":[{"embeddable":true,"href":"https:\/\/murrado.pl\/index.php\/wp-json\/wp\/v2\/media\/7297"}],"wp:attachment":[{"href":"https:\/\/murrado.pl\/index.php\/wp-json\/wp\/v2\/media?parent=7281"}],"curies":[{"name":"wp","href":"https:\/\/api.w.org\/{rel}","templated":true}]}}