{"id":7301,"date":"2023-07-03T14:54:54","date_gmt":"2023-07-03T12:54:54","guid":{"rendered":"https:\/\/murrado.pl\/?post_type=product&#038;p=7301"},"modified":"2025-09-22T23:47:47","modified_gmt":"2025-09-22T21:47:47","slug":"honeywell-zestaw-termostatyczny-prosty-1-2","status":"publish","type":"product","link":"https:\/\/murrado.pl\/index.php\/produkt\/honeywell-zestaw-termostatyczny-prosty-1-2\/","title":{"rendered":"HONEYWELL ZESTAW TERMOSTATYCZNY PROSTY 1\/2 do GRZEJNIKA BOCZNEGO"},"content":{"rendered":"<h1 class=\"product_title entry-title\">ZESTAW TERMOSTATYCZNY PROSTY 1\/2 HONEYWELL<\/h1>\n<div class=\"woocommerce-product-details__short-description\">\n<p>&nbsp;<\/p>\n<p>Wysokiej jako\u015bci zestaw termostatyczny prosty do pod\u0142\u0105czenia bocznego grzejnika oraz do precyzyjnego ustawienia temperatury w pomieszczeniu.<br \/>\nZestawy termostatyczne wyst\u0119puj\u0105 r\u00f3wnie\u017c w wersji k\u0105towej.<\/p>\n<\/div>\n","protected":false},"excerpt":{"rendered":"<div><b>Zestaw termostatyczny DN15\u00a0 <\/b><b>1\/2&#8243; prosty :<\/b><\/div>\n<div>\n<ul>\n<li>najwy\u017csza jako\u015b\u0107<\/li>\n<li>pe\u0142na kontrola temperatury<\/li>\n<li>prosta i bezpieczna instalacja<\/li>\n<li>wytrzyma\u0142y materia\u0142<\/li>\n<\/ul>\n<p>W ZESTAWIE :<\/p>\n<ul>\n<li>g\u0142owica termostatyczna Thera-6<\/li>\n<li>zaw\u00f3r termostatyczny<\/li>\n<li>zaw\u00f3r powrotny prosty 1\/2\n<div class=\"summary entry-summary\"><\/div>\n<\/li>\n<\/ul>\n<\/div>\n","protected":false},"featured_media":0,"comment_status":"open","ping_status":"closed","template":"","meta":{"om_disable_all_campaigns":false,"_monsterinsights_skip_tracking":false,"_monsterinsights_sitenote_active":false,"_monsterinsights_sitenote_note":"","_monsterinsights_sitenote_category":0},"aioseo_notices":[],"_links":{"self":[{"href":"https:\/\/murrado.pl\/index.php\/wp-json\/wp\/v2\/product\/7301"}],"collection":[{"href":"https:\/\/murrado.pl\/index.php\/wp-json\/wp\/v2\/product"}],"about":[{"href":"https:\/\/murrado.pl\/index.php\/wp-json\/wp\/v2\/types\/product"}],"replies":[{"embeddable":true,"href":"https:\/\/murrado.pl\/index.php\/wp-json\/wp\/v2\/comments?post=7301"}],"wp:attachment":[{"href":"https:\/\/murrado.pl\/index.php\/wp-json\/wp\/v2\/media?parent=7301"}],"curies":[{"name":"wp","href":"https:\/\/api.w.org\/{rel}","templated":true}]}}