{"id":7313,"date":"2023-07-03T15:37:36","date_gmt":"2023-07-03T13:37:36","guid":{"rendered":"https:\/\/murrado.pl\/?post_type=product&#038;p=7313"},"modified":"2025-09-08T15:23:49","modified_gmt":"2025-09-08T13:23:49","slug":"honeywell-zestaw-termostatyczny-1-2-prosty-do-grzejnikow-typu-v","status":"publish","type":"product","link":"https:\/\/murrado.pl\/index.php\/produkt\/honeywell-zestaw-termostatyczny-1-2-prosty-do-grzejnikow-typu-v\/","title":{"rendered":"HONEYWELL ZESTAW TERMOSTATYCZNY 1\/2 PROSTY DO GRZEJNIK\u00d3W TYPU V"},"content":{"rendered":"<h1 class=\"product_title entry-title\">Zestaw termostatyczny 1\/2 prosty do grzejnik\u00f3w typu V firmy HONEYWELL<\/h1>\n<div class=\"woocommerce-product-details__short-description\">\n<p>Wysokiej jako\u015bci zestaw termostatyczny prosty do dolnego pod\u0142\u0105czenia grzejnika oraz do precyzyjnego ustawienia temperatury w pomieszczeniu.<br \/>\nZestawy termostatyczne wyst\u0119puj\u0105 r\u00f3wnie\u017c w wersji k\u0105towej.<\/p>\n<\/div>\n","protected":false},"excerpt":{"rendered":"<div>\n<p><strong>W zestawie:<\/strong><\/p>\n<ul>\n<li>g\u0142owica termostatyczna Thera-6\u00a0 T3019<\/li>\n<li>zaw\u00f3r termostatyczny podw\u00f3jny 1\/2 prosty<\/li>\n<\/ul>\n<div><b>Zestaw termostatyczny DN15\u00a0 <\/b><b>1\/2&#8243; prosty :<\/b><\/div>\n<div>\n<ul>\n<li>najwy\u017csza jako\u015b\u0107<\/li>\n<li>pe\u0142na kontrola temperatury<\/li>\n<li>prosta i bezpieczna instalacja<\/li>\n<li>wytrzyma\u0142y materia\u0142<\/li>\n<\/ul>\n<\/div>\n<\/div>\n","protected":false},"featured_media":0,"comment_status":"open","ping_status":"closed","template":"","meta":{"om_disable_all_campaigns":false,"_monsterinsights_skip_tracking":false,"_monsterinsights_sitenote_active":false,"_monsterinsights_sitenote_note":"","_monsterinsights_sitenote_category":0},"aioseo_notices":[],"_links":{"self":[{"href":"https:\/\/murrado.pl\/index.php\/wp-json\/wp\/v2\/product\/7313"}],"collection":[{"href":"https:\/\/murrado.pl\/index.php\/wp-json\/wp\/v2\/product"}],"about":[{"href":"https:\/\/murrado.pl\/index.php\/wp-json\/wp\/v2\/types\/product"}],"replies":[{"embeddable":true,"href":"https:\/\/murrado.pl\/index.php\/wp-json\/wp\/v2\/comments?post=7313"}],"wp:attachment":[{"href":"https:\/\/murrado.pl\/index.php\/wp-json\/wp\/v2\/media?parent=7313"}],"curies":[{"name":"wp","href":"https:\/\/api.w.org\/{rel}","templated":true}]}}