{"id":7317,"date":"2023-07-04T08:05:21","date_gmt":"2023-07-04T06:05:21","guid":{"rendered":"https:\/\/murrado.pl\/?post_type=product&#038;p=7317"},"modified":"2024-11-09T18:50:51","modified_gmt":"2024-11-09T17:50:51","slug":"zlaczka-zaciskowa-3-4-x-16-do-rur-alumpex-oraz-pex-16x2-mm","status":"publish","type":"product","link":"https:\/\/murrado.pl\/index.php\/produkt\/zlaczka-zaciskowa-3-4-x-16-do-rur-alumpex-oraz-pex-16x2-mm\/","title":{"rendered":"Z\u0142\u0105czka zaciskowa 3\/4&#8243; x 16 do rur alumpex oraz pex 16&#215;2 mm"},"content":{"rendered":"<h3 class=\"styles__Heading-sc-1vba8gj-0 ffTcki\">Z\u0142\u0105czka zaciskowa 3\/4&#8243; do rur alumpex oraz pex 16&#215;2 mm<\/h3>\n<h3>Z\u0142\u0105czka zaciskowa do rozdzielaczy i do podw\u00f3jnych zawor\u00f3w grzejnikowych typu V<\/h3>\n","protected":false},"excerpt":{"rendered":"<p>Z\u0142\u0105czka zaciskowa 3\/4&#8243; do rur\u00a0alumpex oraz pex\u00a016&#215;2 mm.<\/p>\n<p>Z\u0142aczka zaciskowa do rozdzielaczy i do podw\u00f3jnych zawor\u00f3w grzejnikowych typu V .<\/p>\n","protected":false},"featured_media":0,"comment_status":"open","ping_status":"closed","template":"","meta":{"om_disable_all_campaigns":false,"_monsterinsights_skip_tracking":false,"_monsterinsights_sitenote_active":false,"_monsterinsights_sitenote_note":"","_monsterinsights_sitenote_category":0},"aioseo_notices":[],"_links":{"self":[{"href":"https:\/\/murrado.pl\/index.php\/wp-json\/wp\/v2\/product\/7317"}],"collection":[{"href":"https:\/\/murrado.pl\/index.php\/wp-json\/wp\/v2\/product"}],"about":[{"href":"https:\/\/murrado.pl\/index.php\/wp-json\/wp\/v2\/types\/product"}],"replies":[{"embeddable":true,"href":"https:\/\/murrado.pl\/index.php\/wp-json\/wp\/v2\/comments?post=7317"}],"wp:attachment":[{"href":"https:\/\/murrado.pl\/index.php\/wp-json\/wp\/v2\/media?parent=7317"}],"curies":[{"name":"wp","href":"https:\/\/api.w.org\/{rel}","templated":true}]}}