{"id":7330,"date":"2023-07-05T13:52:53","date_gmt":"2023-07-05T11:52:53","guid":{"rendered":"https:\/\/murrado.pl\/?post_type=product&#038;p=7330"},"modified":"2025-09-22T23:47:47","modified_gmt":"2025-09-22T21:47:47","slug":"honeywell-glowica-termostatyczna-thera-nastawa-6-28-st","status":"publish","type":"product","link":"https:\/\/murrado.pl\/index.php\/produkt\/honeywell-glowica-termostatyczna-thera-nastawa-6-28-st\/","title":{"rendered":"Honeywell G\u0142owica termostatyczna Thera nastawa 6-28 st"},"content":{"rendered":"<p class=\"product_title entry-title\">G\u0142owice termostatyczne Thera-6 umo\u017cliwiaj\u0105 regulacj\u0119 temperatury w ogrzewanym pomieszczeniu poprzez przymykanie grzejnikowych zawor\u00f3w termostatycznych.<\/p>\n","protected":false},"excerpt":{"rendered":"<p class=\"product_title entry-title\">Thera-6 to g\u0142owica o kompaktowych rozmiarach, g\u0142adkiej<br \/>\npowierzchni, energooszcz\u0119dna i trwa\u0142a, co czyni j\u0105 idealnym<br \/>\nwyborem do instalacji grzewczych w budynkach<br \/>\nmieszkalnych.<\/p>\n","protected":false},"featured_media":0,"comment_status":"open","ping_status":"closed","template":"","meta":{"om_disable_all_campaigns":false,"_monsterinsights_skip_tracking":false,"_monsterinsights_sitenote_active":false,"_monsterinsights_sitenote_note":"","_monsterinsights_sitenote_category":0},"aioseo_notices":[],"_links":{"self":[{"href":"https:\/\/murrado.pl\/index.php\/wp-json\/wp\/v2\/product\/7330"}],"collection":[{"href":"https:\/\/murrado.pl\/index.php\/wp-json\/wp\/v2\/product"}],"about":[{"href":"https:\/\/murrado.pl\/index.php\/wp-json\/wp\/v2\/types\/product"}],"replies":[{"embeddable":true,"href":"https:\/\/murrado.pl\/index.php\/wp-json\/wp\/v2\/comments?post=7330"}],"wp:attachment":[{"href":"https:\/\/murrado.pl\/index.php\/wp-json\/wp\/v2\/media?parent=7330"}],"curies":[{"name":"wp","href":"https:\/\/api.w.org\/{rel}","templated":true}]}}