{"id":7517,"date":"2023-08-14T09:15:03","date_gmt":"2023-08-14T07:15:03","guid":{"rendered":"https:\/\/murrado.pl\/?post_type=product&#038;p=7517"},"modified":"2023-09-26T11:41:31","modified_gmt":"2023-09-26T09:41:31","slug":"ogrzewacz-wody-viking-e-100-elektryczny","status":"publish","type":"product","link":"https:\/\/murrado.pl\/index.php\/produkt\/ogrzewacz-wody-viking-e-100-elektryczny\/","title":{"rendered":"Ogrzewacz wody Viking E-100 elektryczny"},"content":{"rendered":"<p>Elektryczne podgrzewacze Viking to uniwersalne produkty, kt\u00f3re mo\u017cna montowa\u0107 <strong>w pionie lub poziomie<\/strong>. Podgrzewacze Viking to urz\u0105dzenia ci\u015bnieniowe. Izolowane\u00a0 bezfreonow\u0105 piank\u0105 poliuretanow\u0105. 7 lat gwarancji na zbiornik.<\/p>\n","protected":false},"excerpt":{"rendered":"<h3 class=\"under-title\">Elektryczny ogrzewacz wody Viking<\/h3>\n<ul>\n<li>Monta\u017c w pozycji pionowej lub poziomej.<\/li>\n<li>System antyzamro\u017ceniowy.<\/li>\n<li>Wy\u0142\u0105cznik termiczny zabezpieczaj\u0105cy przed przegrzaniem.<\/li>\n<li>Zakres regulacji temperatury: <strong>30-80<\/strong> \u00b0C.<\/li>\n<li>W komplecie zaw\u00f3r bezpiecze\u0144stwa.<\/li>\n<li><strong>Gwarancja 7 lat\u00a0<\/strong><\/li>\n<\/ul>\n","protected":false},"featured_media":0,"comment_status":"open","ping_status":"closed","template":"","meta":{"om_disable_all_campaigns":false,"_monsterinsights_skip_tracking":false,"_monsterinsights_sitenote_active":false,"_monsterinsights_sitenote_note":"","_monsterinsights_sitenote_category":0},"aioseo_notices":[],"_links":{"self":[{"href":"https:\/\/murrado.pl\/index.php\/wp-json\/wp\/v2\/product\/7517"}],"collection":[{"href":"https:\/\/murrado.pl\/index.php\/wp-json\/wp\/v2\/product"}],"about":[{"href":"https:\/\/murrado.pl\/index.php\/wp-json\/wp\/v2\/types\/product"}],"replies":[{"embeddable":true,"href":"https:\/\/murrado.pl\/index.php\/wp-json\/wp\/v2\/comments?post=7517"}],"wp:attachment":[{"href":"https:\/\/murrado.pl\/index.php\/wp-json\/wp\/v2\/media?parent=7517"}],"curies":[{"name":"wp","href":"https:\/\/api.w.org\/{rel}","templated":true}]}}