{"id":7525,"date":"2023-08-14T09:30:51","date_gmt":"2023-08-14T07:30:51","guid":{"rendered":"https:\/\/murrado.pl\/?post_type=product&#038;p=7525"},"modified":"2025-06-09T12:43:22","modified_gmt":"2025-06-09T10:43:22","slug":"galmet-zbiornik-buforowy-czarny-80l-wiszacy-70-087000","status":"publish","type":"product","link":"https:\/\/murrado.pl\/index.php\/produkt\/galmet-zbiornik-buforowy-czarny-80l-wiszacy-70-087000\/","title":{"rendered":"GALMET Zbiornik buforowy czarny 80L wisz\u0105cy 70-087000"},"content":{"rendered":"<div class=\"wysiwyg --product-card-description\">\n<div class=\"wysiwyg --product-card-description\">\n<div class=\"wysiwyg --product-card-description\">\n<div class=\"wysiwyg --product-card-description\">\n<div>\n<h1 class=\"styles__Heading-sc-1vba8gj-0 ffTcki\"><span role=\"presentation\">Zbiornik buforowy czarny 80L, wisz\u0105cy, pionowy SG(B) poliuretan, p\u0142aszcz metalowy<\/span><\/h1>\n<\/div>\n<div class=\"wysiwyg --product-card-description\">Zbiornik buforowy 80 l, nieemaliowany z przeznaczeniem na zdemineralizowan\u0105 wod\u0119 kot\u0142ow\u0105 lub roztw\u00f3r glikolu. Zasilanie z kilku niezale\u017cnych \u017ar\u00f3de\u0142 ciep\u0142a (np. kocio\u0142 c.o., pompa ciep\u0142a, kominek). Ocieplony tward\u0105 piank\u0105 poliuretanow\u0105.<\/div>\n<div><\/div>\n<div class=\"styles__CommercialInfo-sc-72ql5u-14 fJDhaW wysiwyg --product-card-description\">\u00a0-Akumulator wody zdemineralizowanej lub roztworu glikolu<\/div>\n<div class=\"styles__CommercialInfo-sc-72ql5u-14 fJDhaW wysiwyg --product-card-description\">&#8211; Wsp\u00f3\u0142praca z r\u00f3\u017cnymi typami \u017ar\u00f3de\u0142 ciep\u0142a (pompa ciep\u0142a, kocio\u0142 na paliwo sta\u0142e, kocio\u0142 gazowy, solary)<\/div>\n<div class=\"styles__CommercialInfo-sc-72ql5u-14 fJDhaW wysiwyg --product-card-description\">&#8211; Izolacja wykonana z pianki poliuretanowej<\/div>\n<\/div>\n<\/div>\n<div><\/div>\n<div>\n<h3 class=\"under-title\">Zbiornik buforowy nieemaliowany, bez w\u0119\u017cownicy &#8211; SG(B)<\/h3>\n<ul>\n<li>Zwi\u0119ksza wydajno\u015b\u0107 instalacji, pozwala obni\u017cy\u0107 koszty ogrzewania.<\/li>\n<li>Ogranicza cz\u0119stotliwo\u015b\u0107 za\u0142\u0105czania kot\u0142a.<\/li>\n<li>Zabezpiecza instalacj\u0119 przed przegrzaniem.<\/li>\n<li>Mo\u017ce by\u0107 zasilany z kilku \u017ar\u00f3de\u0142 ciep\u0142a.<\/li>\n<li>Pozwala na stosowanie zdemineralizowanej wody kot\u0142owej i glikolu.<\/li>\n<li>Pracuje z max. ci\u015bnieniem do 0,3 MPa*.<\/li>\n<li>Typ: 80 litr\u00f3w.<\/li>\n<\/ul>\n<\/div>\n<\/div>\n<\/div>\n","protected":false},"excerpt":{"rendered":"<p>Bufor, pionowy, wisz\u0105cy 80L izolacja z pianki poliuretanowej, p\u0142aszcz metalowy<\/p>\n<p><strong>Gwarancja 60 miesi\u0119cy.<\/strong><\/p>\n","protected":false},"featured_media":0,"comment_status":"open","ping_status":"closed","template":"","meta":{"om_disable_all_campaigns":false,"_monsterinsights_skip_tracking":false,"_monsterinsights_sitenote_active":false,"_monsterinsights_sitenote_note":"","_monsterinsights_sitenote_category":0},"aioseo_notices":[],"_links":{"self":[{"href":"https:\/\/murrado.pl\/index.php\/wp-json\/wp\/v2\/product\/7525"}],"collection":[{"href":"https:\/\/murrado.pl\/index.php\/wp-json\/wp\/v2\/product"}],"about":[{"href":"https:\/\/murrado.pl\/index.php\/wp-json\/wp\/v2\/types\/product"}],"replies":[{"embeddable":true,"href":"https:\/\/murrado.pl\/index.php\/wp-json\/wp\/v2\/comments?post=7525"}],"wp:attachment":[{"href":"https:\/\/murrado.pl\/index.php\/wp-json\/wp\/v2\/media?parent=7525"}],"curies":[{"name":"wp","href":"https:\/\/api.w.org\/{rel}","templated":true}]}}