{"id":7543,"date":"2023-08-17T09:28:14","date_gmt":"2023-08-17T07:28:14","guid":{"rendered":"https:\/\/murrado.pl\/?post_type=product&#038;p=7543"},"modified":"2025-09-08T23:14:08","modified_gmt":"2025-09-08T21:14:08","slug":"grzejnik-lazienkowy-pbd-530x855-455-w","status":"publish","type":"product","link":"https:\/\/murrado.pl\/index.php\/produkt\/grzejnik-lazienkowy-pbd-530x855-455-w\/","title":{"rendered":"Grzejnik \u0142azienkowy PBD 530&#215;855 455 W"},"content":{"rendered":"<div class=\"OpisProduktu\">\n<div class=\"OpisProduktu\">\n<h1 class=\"styles__Heading-sc-1vba8gj-0 ffTcki\"><span role=\"presentation\">Grzejnik \u0142azienkowy ONNLINE PBD 530&#215;855, moc grzewcza: 455W (75\/65\/20), rozstaw: 490mm, kolor: bia\u0142y RAL9016, wymiary [mm]: H (wys.)=855, L (szer.)=530, D (g\u0142\u0119b.)=100<\/span><\/h1>\n<\/div>\n<\/div>\n<p>&nbsp;<\/p>\n<p>&nbsp;<\/p>\n<div class=\"OpisProduktu\">\n<div class=\"OpisProduktu\">\n<div class=\"OpisProduktu\">\n<div class=\"tekst\">\n<div>\n<div id=\"description\" class=\"sc-1664ck1-0 kiRnL\">\n<div class=\"wysiwyg --product-card-description\">\n<ul>\n<li>kolor RAL 9016 &#8211; \u015bnie\u017cnobia\u0142y.<\/li>\n<li>malowanie i zabezpieczenie antykorozyjne metod\u0105 anaforezy.<\/li>\n<li>gwarancja 8 lat .<\/li>\n<li>Przy\u0142\u0105cza : 4 x G \u00bd &#8222;<\/li>\n<\/ul>\n<\/div>\n<\/div>\n<\/div>\n<\/div>\n<\/div>\n<\/div>\n<\/div>\n","protected":false},"excerpt":{"rendered":"<p><strong>8 LAT GWARANCJI<\/strong><br \/>\n<strong>Darmowa dostawa &#8211; zam\u00f3wienie od 1800 z\u0142<\/strong><\/p>\n","protected":false},"featured_media":8275,"comment_status":"open","ping_status":"closed","template":"","meta":{"om_disable_all_campaigns":false,"_monsterinsights_skip_tracking":false,"_monsterinsights_sitenote_active":false,"_monsterinsights_sitenote_note":"","_monsterinsights_sitenote_category":0},"aioseo_notices":[],"_links":{"self":[{"href":"https:\/\/murrado.pl\/index.php\/wp-json\/wp\/v2\/product\/7543"}],"collection":[{"href":"https:\/\/murrado.pl\/index.php\/wp-json\/wp\/v2\/product"}],"about":[{"href":"https:\/\/murrado.pl\/index.php\/wp-json\/wp\/v2\/types\/product"}],"replies":[{"embeddable":true,"href":"https:\/\/murrado.pl\/index.php\/wp-json\/wp\/v2\/comments?post=7543"}],"wp:featuredmedia":[{"embeddable":true,"href":"https:\/\/murrado.pl\/index.php\/wp-json\/wp\/v2\/media\/8275"}],"wp:attachment":[{"href":"https:\/\/murrado.pl\/index.php\/wp-json\/wp\/v2\/media?parent=7543"}],"curies":[{"name":"wp","href":"https:\/\/api.w.org\/{rel}","templated":true}]}}