{"id":7648,"date":"2023-09-25T16:32:11","date_gmt":"2023-09-25T14:32:11","guid":{"rendered":"https:\/\/murrado.pl\/?post_type=product&#038;p=7648"},"modified":"2025-10-05T14:56:40","modified_gmt":"2025-10-05T12:56:40","slug":"galmet-komplet-elektryczny-ge-z-grz-3kw-230v-na-korku-k6-4-41-030011","status":"publish","type":"product","link":"https:\/\/murrado.pl\/index.php\/produkt\/galmet-komplet-elektryczny-ge-z-grz-3kw-230v-na-korku-k6-4-41-030011\/","title":{"rendered":"Galmet komplet elektryczny GE z grz. 3kW 230V na korku K6\/4&#8243; 41-030011"},"content":{"rendered":"<h2><strong>Galmet komplet elektryczny GE<\/strong><\/h2>\n<p>Samodzielnie ogrzewa ciep\u0142\u0105 wod\u0119 u\u017cytkow\u0105 poza sezonem grzewczym lub wspomaga nagrzewanie wody podczas sezonu grzewczego. Wyposa\u017cony jest w termostat do regulacji temperatury oraz zabezpieczanie termiczne zapobiegaj\u0105ce przegrzaniu i zagotowaniu wody. Zakres temperatury 20-85 \u00b0C.<\/p>\n<p>Gwarancja &#8211; 2 lata.<\/p>\n<p><strong>Komplet kompatybilny z nast\u0119puj\u0105cymi wymiennikami:<\/strong><\/p>\n<p><img loading=\"lazy\" decoding=\"async\" class=\"alignnone size-full wp-image-7839\" src=\"https:\/\/www.aib-sklep.pl\/wp-content\/uploads\/2023\/09\/tabela-41-030011.png\" alt=\"\" width=\"373\" height=\"830\" \/><\/p>\n","protected":false},"excerpt":{"rendered":"<p>Galmet komplet elektryczny GE Samodzielnie ogrzewa ciep\u0142\u0105 wod\u0119 u\u017cytkow\u0105 poza sezonem grzewczym lub wspomaga nagrzewanie wody podczas sezonu grzewczego. Wyposa\u017cony jest w termostat do regulacji temperatury oraz zabezpieczanie termiczne zapobiegaj\u0105ce<\/p>\n","protected":false},"featured_media":0,"comment_status":"open","ping_status":"closed","template":"","meta":{"om_disable_all_campaigns":false,"_monsterinsights_skip_tracking":false,"_monsterinsights_sitenote_active":false,"_monsterinsights_sitenote_note":"","_monsterinsights_sitenote_category":0},"aioseo_notices":[],"_links":{"self":[{"href":"https:\/\/murrado.pl\/index.php\/wp-json\/wp\/v2\/product\/7648"}],"collection":[{"href":"https:\/\/murrado.pl\/index.php\/wp-json\/wp\/v2\/product"}],"about":[{"href":"https:\/\/murrado.pl\/index.php\/wp-json\/wp\/v2\/types\/product"}],"replies":[{"embeddable":true,"href":"https:\/\/murrado.pl\/index.php\/wp-json\/wp\/v2\/comments?post=7648"}],"wp:attachment":[{"href":"https:\/\/murrado.pl\/index.php\/wp-json\/wp\/v2\/media?parent=7648"}],"curies":[{"name":"wp","href":"https:\/\/api.w.org\/{rel}","templated":true}]}}