{"id":7653,"date":"2023-09-25T16:32:54","date_gmt":"2023-09-25T14:32:54","guid":{"rendered":"https:\/\/murrado.pl\/?post_type=product&#038;p=7653"},"modified":"2025-10-05T14:56:13","modified_gmt":"2025-10-05T12:56:13","slug":"galmet-komplet-elektryczny-typu-ge-z-grzalka-45kw-400v-k6-4-41-045011","status":"publish","type":"product","link":"https:\/\/murrado.pl\/index.php\/produkt\/galmet-komplet-elektryczny-typu-ge-z-grzalka-45kw-400v-k6-4-41-045011\/","title":{"rendered":"Galmet komplet elektryczny typu GE z grza\u0142k\u0105 4,5kW 400V &#8211; K6\/4&#8243; 41-045011"},"content":{"rendered":"<h2><strong>Galmet komplet elektryczny GE<\/strong><\/h2>\n<p>Grza\u0142ka o mocy 4,5 kW zapewnia szybkie nagrzewanie si\u0119 wody, co pozwala zaoszcz\u0119dzi\u0107 czas podczas korzystania z urz\u0105dzenia.\u00a0Komplet posiada kryz\u0119 o \u015brednicy 6\/4&#8243;, gumowy o-ring zapewniaj\u0105cy szczelno\u015b\u0107 oraz przew\u00f3d elektryczny dostosowany pod napi\u0119cie 400 V.<\/p>\n<p>Gwarancja &#8211; 2 lata.<\/p>\n<p><strong>Komplet kompatybilny z nast\u0119puj\u0105cymi wymiennikami:<\/strong><\/p>\n<p><img loading=\"lazy\" decoding=\"async\" class=\"alignnone size-full wp-image-7843\" src=\"https:\/\/www.aib-sklep.pl\/wp-content\/uploads\/2023\/09\/tabela-41-045011.png\" alt=\"\" width=\"376\" height=\"832\" \/><\/p>\n<p>&nbsp;<\/p>\n","protected":false},"excerpt":{"rendered":"<p>Galmet komplet elektryczny GE Grza\u0142ka o mocy 4,5 kW zapewnia szybkie nagrzewanie si\u0119 wody, co pozwala zaoszcz\u0119dzi\u0107 czas podczas korzystania z urz\u0105dzenia.\u00a0Komplet posiada kryz\u0119 o \u015brednicy 6\/4&#8243;, gumowy o-ring zapewniaj\u0105cy<\/p>\n","protected":false},"featured_media":0,"comment_status":"open","ping_status":"closed","template":"","meta":{"om_disable_all_campaigns":false,"_monsterinsights_skip_tracking":false,"_monsterinsights_sitenote_active":false,"_monsterinsights_sitenote_note":"","_monsterinsights_sitenote_category":0},"aioseo_notices":[],"_links":{"self":[{"href":"https:\/\/murrado.pl\/index.php\/wp-json\/wp\/v2\/product\/7653"}],"collection":[{"href":"https:\/\/murrado.pl\/index.php\/wp-json\/wp\/v2\/product"}],"about":[{"href":"https:\/\/murrado.pl\/index.php\/wp-json\/wp\/v2\/types\/product"}],"replies":[{"embeddable":true,"href":"https:\/\/murrado.pl\/index.php\/wp-json\/wp\/v2\/comments?post=7653"}],"wp:attachment":[{"href":"https:\/\/murrado.pl\/index.php\/wp-json\/wp\/v2\/media?parent=7653"}],"curies":[{"name":"wp","href":"https:\/\/api.w.org\/{rel}","templated":true}]}}