{"id":7722,"date":"2023-10-28T12:10:09","date_gmt":"2023-10-28T10:10:09","guid":{"rendered":"https:\/\/murrado.pl\/?post_type=product&#038;p=7722"},"modified":"2026-03-05T14:02:57","modified_gmt":"2026-03-05T13:02:57","slug":"wspornik-stojak-podlogowy-do-grzejnika-plytowego-wys-200-mm-typ-22-33-1szt","status":"publish","type":"product","link":"https:\/\/murrado.pl\/index.php\/produkt\/wspornik-stojak-podlogowy-do-grzejnika-plytowego-wys-200-mm-typ-22-33-1szt\/","title":{"rendered":"Wspornik Stojak pod\u0142ogowy do grzejnika p\u0142ytowego wys. 200 mm typ 22, 33 1szt"},"content":{"rendered":"<div>\n<h2 class=\"styles__Heading-sc-1vba8gj-0 ffTcki\">Wspornik Stojak pod\u0142ogowy wysoko\u015bci 200 mm<\/h2>\n<h2 class=\"styles__Heading-sc-1vba8gj-0 ffTcki\">do grzejnik\u00f3w p\u0142ytowych CV22\/33\/44 cena za 1szt<\/h2>\n<\/div>\n<div class=\"wysiwyg --product-card-description\">\n<div class=\"wysiwyg --product-card-description\">\n<div class=\"wysiwyg --product-card-description\">Odleg\u0142o\u015b\u0107 grzejnika od \u015bciany dowolna. Maksymalne obci\u0105\u017cenie pojedynczego stojaka: pionowo \u2013 200 kg.<\/div>\n<\/div>\n<\/div>\n","protected":false},"excerpt":{"rendered":"<p>Wspornik Stojak pod\u0142ogowy do grzejnik\u00f3w p\u0142ytowych typu 22, 33\u00a0 o wysoko\u015bci 200 mm cena za 1szt<\/p>\n","protected":false},"featured_media":7889,"comment_status":"open","ping_status":"closed","template":"","meta":{"om_disable_all_campaigns":false,"_monsterinsights_skip_tracking":false,"_monsterinsights_sitenote_active":false,"_monsterinsights_sitenote_note":"","_monsterinsights_sitenote_category":0},"aioseo_notices":[],"_links":{"self":[{"href":"https:\/\/murrado.pl\/index.php\/wp-json\/wp\/v2\/product\/7722"}],"collection":[{"href":"https:\/\/murrado.pl\/index.php\/wp-json\/wp\/v2\/product"}],"about":[{"href":"https:\/\/murrado.pl\/index.php\/wp-json\/wp\/v2\/types\/product"}],"replies":[{"embeddable":true,"href":"https:\/\/murrado.pl\/index.php\/wp-json\/wp\/v2\/comments?post=7722"}],"wp:featuredmedia":[{"embeddable":true,"href":"https:\/\/murrado.pl\/index.php\/wp-json\/wp\/v2\/media\/7889"}],"wp:attachment":[{"href":"https:\/\/murrado.pl\/index.php\/wp-json\/wp\/v2\/media?parent=7722"}],"curies":[{"name":"wp","href":"https:\/\/api.w.org\/{rel}","templated":true}]}}